{"id":43,"date":"2016-09-12T22:10:09","date_gmt":"2016-09-12T20:10:09","guid":{"rendered":"https:\/\/tst.basketclubs.be\/royalbceclair\/?page_id=43"},"modified":"2016-09-14T12:30:15","modified_gmt":"2016-09-14T10:30:15","slug":"sponsors","status":"publish","type":"page","link":"https:\/\/tst.basketclubs.be\/royalbceclair\/sponsors\/","title":{"rendered":"Sponsors"},"content":{"rendered":"<p style=\"text-align: center\"><strong>Les membres du Conseil d\u2019Administration remercient de tout coeur les sponsors<\/strong><\/p>\n<p style=\"text-align: center\"><strong>et organismes publics qui\u00a0soutiennent le club, ainsi que Paul Mertens.<\/strong><\/p>\n<p style=\"text-align: center\"><strong>Par\u00a0leur intervention, ils nous aident \u00e0 promouvoir le basketball<\/strong><\/p>\n<p style=\"text-align: center\"><strong>et \u00e0 am\u00e9liorer la formation des jeunes.<\/strong><\/p>\n","protected":false},"excerpt":{"rendered":"<p>Les membres du Conseil d\u2019Administration remercient de tout coeur les sponsors et organismes publics qui\u00a0soutiennent le club, ainsi que Paul Mertens. Par\u00a0leur intervention, ils nous aident \u00e0 promouvoir le basketball et \u00e0 am\u00e9liorer la formation des jeunes.<\/p>\n","protected":false},"author":123,"featured_media":0,"parent":0,"menu_order":0,"comment_status":"closed","ping_status":"closed","template":"page-templates\/page-sponsors.php","meta":{"footnotes":""},"class_list":["post-43","page","type-page","status-publish","hentry"],"_links":{"self":[{"href":"https:\/\/tst.basketclubs.be\/royalbceclair\/wp-json\/wp\/v2\/pages\/43","targetHints":{"allow":["GET"]}}],"collection":[{"href":"https:\/\/tst.basketclubs.be\/royalbceclair\/wp-json\/wp\/v2\/pages"}],"about":[{"href":"https:\/\/tst.basketclubs.be\/royalbceclair\/wp-json\/wp\/v2\/types\/page"}],"author":[{"embeddable":true,"href":"https:\/\/tst.basketclubs.be\/royalbceclair\/wp-json\/wp\/v2\/users\/123"}],"replies":[{"embeddable":true,"href":"https:\/\/tst.basketclubs.be\/royalbceclair\/wp-json\/wp\/v2\/comments?post=43"}],"version-history":[{"count":4,"href":"https:\/\/tst.basketclubs.be\/royalbceclair\/wp-json\/wp\/v2\/pages\/43\/revisions"}],"predecessor-version":[{"id":98,"href":"https:\/\/tst.basketclubs.be\/royalbceclair\/wp-json\/wp\/v2\/pages\/43\/revisions\/98"}],"wp:attachment":[{"href":"https:\/\/tst.basketclubs.be\/royalbceclair\/wp-json\/wp\/v2\/media?parent=43"}],"curies":[{"name":"wp","href":"https:\/\/api.w.org\/{rel}","templated":true}]}}