{"id":38,"date":"2016-09-14T11:36:01","date_gmt":"2016-09-14T09:36:01","guid":{"rendered":"https:\/\/tst.basketclubs.be\/royalbceclair\/?page_id=38"},"modified":"2019-10-24T13:28:42","modified_gmt":"2019-10-24T11:28:42","slug":"infos-1","status":"publish","type":"page","link":"https:\/\/tst.basketclubs.be\/royalbceclair\/infos-1\/","title":{"rendered":"Prochains matchs"},"content":{"rendered":"<h2>Calendrier des matchs \u00e0 venir<\/h2>\n<p><strong><span style=\"color: #ff0000\">Il arrive fr\u00e9quemment que des matchs soient d\u00e9plac\u00e9s\/annul\u00e9s.<br \/>\n<\/span><\/strong><strong><span style=\"color: #ff0000\"> Pour toujours connaitre le planning \u00e0 jour des rencontres, il est pr\u00e9f\u00e9rable de se rendre sur le site :\u00a0<a href=\"http:\/\/www.basket-brabant.be\/\">http:\/\/www.basket-brabant.be\/<\/a>\u00a0<\/span><\/strong><\/p>\n<p><img loading=\"lazy\" decoding=\"async\" class=\"alignnone wp-image-397 size-full\" src=\"https:\/\/tst.basketclubs.be\/royalbceclair\/wp-content\/uploads\/sites\/103\/2019\/10\/tempsnip.png\" alt=\"\" width=\"1066\" height=\"579\" srcset=\"https:\/\/tst.basketclubs.be\/royalbceclair\/wp-content\/uploads\/sites\/103\/2019\/10\/tempsnip.png 1066w, https:\/\/tst.basketclubs.be\/royalbceclair\/wp-content\/uploads\/sites\/103\/2019\/10\/tempsnip-300x163.png 300w, https:\/\/tst.basketclubs.be\/royalbceclair\/wp-content\/uploads\/sites\/103\/2019\/10\/tempsnip-768x417.png 768w, https:\/\/tst.basketclubs.be\/royalbceclair\/wp-content\/uploads\/sites\/103\/2019\/10\/tempsnip-1024x556.png 1024w\" sizes=\"auto, (max-width: 1066px) 100vw, 1066px\" \/><\/p>\n<p><span style=\"color: #ff0000\"><strong>choisir l&rsquo;\u00e9quipe RBC Eclair<\/strong><\/span><\/p>\n<p><img loading=\"lazy\" decoding=\"async\" class=\"alignnone wp-image-398 size-full\" src=\"https:\/\/tst.basketclubs.be\/royalbceclair\/wp-content\/uploads\/sites\/103\/2019\/10\/semaine43.jpg\" alt=\"\" width=\"936\" height=\"731\" srcset=\"https:\/\/tst.basketclubs.be\/royalbceclair\/wp-content\/uploads\/sites\/103\/2019\/10\/semaine43.jpg 936w, https:\/\/tst.basketclubs.be\/royalbceclair\/wp-content\/uploads\/sites\/103\/2019\/10\/semaine43-300x234.jpg 300w, https:\/\/tst.basketclubs.be\/royalbceclair\/wp-content\/uploads\/sites\/103\/2019\/10\/semaine43-768x600.jpg 768w\" sizes=\"auto, (max-width: 936px) 100vw, 936px\" \/><\/p>\n","protected":false},"excerpt":{"rendered":"<p>Calendrier des matchs \u00e0 venir Il arrive fr\u00e9quemment que des matchs soient d\u00e9plac\u00e9s\/annul\u00e9s. Pour toujours connaitre le planning \u00e0 jour des rencontres, il est pr\u00e9f\u00e9rable de se rendre sur le site :\u00a0http:\/\/www.basket-brabant.be\/\u00a0 choisir l&rsquo;\u00e9quipe RBC Eclair<\/p>\n","protected":false},"author":123,"featured_media":0,"parent":0,"menu_order":0,"comment_status":"closed","ping_status":"closed","template":"page-templates\/page-free.php","meta":{"footnotes":""},"class_list":["post-38","page","type-page","status-publish","hentry"],"_links":{"self":[{"href":"https:\/\/tst.basketclubs.be\/royalbceclair\/wp-json\/wp\/v2\/pages\/38","targetHints":{"allow":["GET"]}}],"collection":[{"href":"https:\/\/tst.basketclubs.be\/royalbceclair\/wp-json\/wp\/v2\/pages"}],"about":[{"href":"https:\/\/tst.basketclubs.be\/royalbceclair\/wp-json\/wp\/v2\/types\/page"}],"author":[{"embeddable":true,"href":"https:\/\/tst.basketclubs.be\/royalbceclair\/wp-json\/wp\/v2\/users\/123"}],"replies":[{"embeddable":true,"href":"https:\/\/tst.basketclubs.be\/royalbceclair\/wp-json\/wp\/v2\/comments?post=38"}],"version-history":[{"count":43,"href":"https:\/\/tst.basketclubs.be\/royalbceclair\/wp-json\/wp\/v2\/pages\/38\/revisions"}],"predecessor-version":[{"id":400,"href":"https:\/\/tst.basketclubs.be\/royalbceclair\/wp-json\/wp\/v2\/pages\/38\/revisions\/400"}],"wp:attachment":[{"href":"https:\/\/tst.basketclubs.be\/royalbceclair\/wp-json\/wp\/v2\/media?parent=38"}],"curies":[{"name":"wp","href":"https:\/\/api.w.org\/{rel}","templated":true}]}}