{"id":34,"date":"2016-09-14T11:40:39","date_gmt":"2016-09-14T09:40:39","guid":{"rendered":"https:\/\/tst.basketclubs.be\/royalbceclair\/?page_id=34"},"modified":"2018-12-05T16:20:21","modified_gmt":"2018-12-05T15:20:21","slug":"join","status":"publish","type":"page","link":"https:\/\/tst.basketclubs.be\/royalbceclair\/join\/","title":{"rendered":"S&rsquo;inscrire"},"content":{"rendered":"<table width=\"600\">\n<tbody>\n<tr>\n<td>\n<table width=\"566\">\n<tbody>\n<tr>\n<td width=\"283\"><strong>Initiation &#8211; baby basket<\/strong><\/td>\n<td width=\"283\"><strong>N\u00e9(e)s\u00a0en 2013 ou apr\u00e8s<\/strong><\/td>\n<\/tr>\n<tr style=\"background-color: #faf0aa\">\n<td width=\"283\"><strong>Pr\u00e9-poussins &#8211; U8<\/strong><\/td>\n<td width=\"283\"><strong>N\u00e9(e)s en 2011 et 2012<\/strong><\/td>\n<\/tr>\n<tr>\n<td width=\"283\"><strong>Poussins &#8211; U10<\/strong><\/td>\n<td width=\"283\"><strong>N\u00e9(e)s en 2009 et 2010<\/strong><\/td>\n<\/tr>\n<tr style=\"background-color: #faf0aa\">\n<td width=\"283\"><strong>Benjamins &#8211; U12<\/strong><\/td>\n<td width=\"283\"><strong>N\u00e9(e)s en 2007 et 2008<\/strong><\/td>\n<\/tr>\n<tr>\n<td width=\"283\"><strong>Pupilles &#8211; U14<\/strong><\/td>\n<td width=\"283\"><strong>N\u00e9(e)s en 2003 et 2004<\/strong><\/td>\n<\/tr>\n<tr style=\"background-color: #faf0aa\">\n<td width=\"283\"><strong>Minimes gar\u00e7ons &#8211; U16<\/strong><\/td>\n<td width=\"283\"><strong>N\u00e9s en 2001 et 2002<\/strong><\/td>\n<\/tr>\n<tr>\n<td width=\"283\"><strong>Cadettes filles &#8211; U19<\/strong><\/td>\n<td width=\"283\"><strong>N\u00e9es en 1998,\u00a01999 et 2000<\/strong><\/td>\n<\/tr>\n<tr style=\"background-color: #faf0aa\">\n<td width=\"283\"><strong>Cadets gar\u00e7ons &#8211; U18<\/strong><\/td>\n<td width=\"283\"><strong>N\u00e9s en 1999 et 2000<\/strong><\/td>\n<\/tr>\n<tr>\n<td width=\"283\"><strong>Juniors garcons &#8211; U21<\/strong><\/td>\n<td width=\"283\"><strong>N\u00e9s\u00a0en 1996, 1997 et 1998<\/strong><\/td>\n<\/tr>\n<tr style=\"background-color: #faf0aa\">\n<td width=\"283\"><strong>Dames<\/strong><\/td>\n<td width=\"283\"><strong>N\u00e9es avant 1998<\/strong><\/td>\n<\/tr>\n<tr>\n<td width=\"283\"><strong>Messieurs<\/strong><\/td>\n<td width=\"283\"><strong>N\u00e9s avant 1996<\/strong><\/td>\n<\/tr>\n<tr style=\"background-color: #faf0aa\">\n<td width=\"283\"><strong>V\u00e9t\u00e9rans<\/strong><\/td>\n<td width=\"283\"><strong>N\u00e9s avant 1981<\/strong><\/td>\n<\/tr>\n<\/tbody>\n<\/table>\n<\/td>\n<\/tr>\n<tr>\n<td><strong>Modalit\u00e9s d&rsquo;inscription <\/strong><\/p>\n<ul>\n<li>Compl\u00e9tez <a href=\"https:\/\/tst.basketclubs.be\/royalbceclair\/wp-content\/uploads\/sites\/103\/2016\/09\/demande_affiliation_royal.pdf\" target=\"_blank\" rel=\"noopener\">le document d\u2019affiliation<\/a> et joignez-y une photo (type pi\u00e8ce d&rsquo;identit\u00e9).<br \/>\nAucune inscription ne sera accept\u00e9e sans photo d&rsquo;identit\u00e9.<\/li>\n<\/ul>\n<ul>\n<li>N&rsquo;oubliez pas de signer cette fiche d&rsquo;inscription. Si le membre a moins de 18 ans, un repr\u00e9sentant l\u00e9gal doit \u00e9galement signer le document.<\/li>\n<\/ul>\n<ul>\n<li>Demandez \u00e0 votre m\u00e9decin traitant ou du sport de remplir le <a href=\"https:\/\/tst.basketclubs.be\/royalbceclair\/wp-content\/uploads\/sites\/103\/2018\/06\/CM1819.pdf\" target=\"_blank\" rel=\"noopener\">certificat m\u00e9dical<\/a> de l&rsquo;AWBB.<br \/>\n<u>Aucun<\/u> autre mod\u00e8le de certificat m\u00e9dical ne sera accept\u00e9 par la f\u00e9d\u00e9ration.<\/li>\n<\/ul>\n<ul>\n<li>N&rsquo;oubliez pas de compl\u00e9ter la date et de signer le certificat en bas \u00e0 gauche<br \/>\nPour les mineurs, l&rsquo;enfant <strong>ET<\/strong> <u>un<\/u>\u00a0responsable l\u00e9gal\u00a0doivent signer.<\/li>\n<\/ul>\n<ul>\n<li>Prenez connaissance de la <a href=\"https:\/\/tst.basketclubs.be\/royalbceclair\/news\/preparation-saison-2018-2019\/\" target=\"_blank\" rel=\"noopener\">lettre aux membres du club<\/a>.<\/li>\n<\/ul>\n<ul>\n<li><em>Le montant des cotisations \u00e0 verser au compte <strong>BE51 8002 2664 8662<\/strong> &#8211; <strong>AXABBE22<br \/>\n<\/strong>(en mentionnant<strong>\u00a0les<\/strong><strong> nom et pr\u00e9nom du joueur ou de la joueuse <\/strong>en communication)<\/em><\/li>\n<\/ul>\n<p><em><strong>Pour la saison 2018-2019, les\u00a0cotisations sont de<\/strong><\/em><\/p>\n<ul>\n<li><em>150\u20ac pour l&rsquo;initiation\u00a0\/ baby basket et les v\u00e9t\u00e9rans<\/em><\/li>\n<li><em>250\u20ac pour les pr\u00e9-poussins U8, les poussins U10 et les benjamins U12<\/em><\/li>\n<li><em>250\u20ac pour toutes les autres cat\u00e9gories (sauf P2 dames et P2 messieurs: gratuit)<\/em><\/li>\n<\/ul>\n<p><strong>Info<\/strong><strong> aide financi\u00e8re pour faire du sport ?\u00a0 <\/strong><strong><a href=\"http:\/\/www.bruxelles.be\/artdet.cfm?id=6963\">Ville de Bruxelles<\/a>, <a href=\"http:\/\/www.fmsb.be\/news\/news0021.htm\">Mutalit\u00e9s Socialistes<\/a>, <a href=\"http:\/\/www.partenamut.be\/web\/guest\/assurance-complementaire\/tous-les-avantages\/club-de-sport\">Partena<\/a>&#8230;<\/strong> <strong>(renseignez-vous aupr\u00e8s de votre mutuelle)<\/strong><\/td>\n<\/tr>\n<\/tbody>\n<\/table>\n<p>&nbsp;<\/p>\n","protected":false},"excerpt":{"rendered":"<p>Initiation &#8211; baby basket N\u00e9(e)s\u00a0en 2013 ou apr\u00e8s Pr\u00e9-poussins &#8211; U8 N\u00e9(e)s en 2011 et 2012 Poussins &#8211; U10 N\u00e9(e)s en 2009 et 2010 Benjamins &#8211; U12 N\u00e9(e)s en 2007 et 2008 Pupilles &#8211; U14 N\u00e9(e)s en 2003 et 2004 Minimes gar\u00e7ons &#8211; U16 N\u00e9s en 2001 et 2002 Cadettes filles &#8211; U19 N\u00e9es en [&hellip;]<\/p>\n","protected":false},"author":123,"featured_media":0,"parent":0,"menu_order":0,"comment_status":"closed","ping_status":"closed","template":"page-templates\/page-join.php","meta":{"footnotes":""},"class_list":["post-34","page","type-page","status-publish","hentry"],"_links":{"self":[{"href":"https:\/\/tst.basketclubs.be\/royalbceclair\/wp-json\/wp\/v2\/pages\/34","targetHints":{"allow":["GET"]}}],"collection":[{"href":"https:\/\/tst.basketclubs.be\/royalbceclair\/wp-json\/wp\/v2\/pages"}],"about":[{"href":"https:\/\/tst.basketclubs.be\/royalbceclair\/wp-json\/wp\/v2\/types\/page"}],"author":[{"embeddable":true,"href":"https:\/\/tst.basketclubs.be\/royalbceclair\/wp-json\/wp\/v2\/users\/123"}],"replies":[{"embeddable":true,"href":"https:\/\/tst.basketclubs.be\/royalbceclair\/wp-json\/wp\/v2\/comments?post=34"}],"version-history":[{"count":9,"href":"https:\/\/tst.basketclubs.be\/royalbceclair\/wp-json\/wp\/v2\/pages\/34\/revisions"}],"predecessor-version":[{"id":352,"href":"https:\/\/tst.basketclubs.be\/royalbceclair\/wp-json\/wp\/v2\/pages\/34\/revisions\/352"}],"wp:attachment":[{"href":"https:\/\/tst.basketclubs.be\/royalbceclair\/wp-json\/wp\/v2\/media?parent=34"}],"curies":[{"name":"wp","href":"https:\/\/api.w.org\/{rel}","templated":true}]}}