{"id":30,"date":"2018-03-20T16:30:22","date_gmt":"2018-03-20T15:30:22","guid":{"rendered":"https:\/\/tst.basketclubs.be\/royalbceclair\/?page_id=30"},"modified":"2018-03-20T16:30:22","modified_gmt":"2018-03-20T15:30:22","slug":"the-club-2","status":"publish","type":"page","link":"https:\/\/tst.basketclubs.be\/royalbceclair\/the-club-2\/","title":{"rendered":"Projet"},"content":{"rendered":"<h2>Un Projet social et qualitatif avant tout<\/h2>\n<p><em>Nous sommes un club familial \u00e0 port\u00e9e sociale mais on veut aller vers la qualit\u00e9. Social et sportif \u00e0 la fois si vous pr\u00e9f\u00e9rez. Il n\u2019y a pas de secret, il faut partir du bas et construire. Actuellement nous des U12 et des U14 avec pas mal de qualit\u00e9s mais on ne d\u00e9daigne pas pour autant l\u2019aspect social<\/em><\/p>\n<p><em>On essaye de donner un projet \u00e0 chaque \u00e9quipe. En U16, les jeunes veulent absolument jouer dans le championnat r\u00e9gional l\u2019ann\u00e9e prochaine. Nous pensons qu\u2019ils n\u2019ont pas encore le niveau et qu\u2019ils se d\u00e9courageront apr\u00e8s quelques roustes et autant de d\u00e9placements lointains. Donc on vas essayer de r\u00e9pondre \u00e0 leur demande en formant en 2018-19 des Cadets Elite. Ils \u00e9volueront dans le championnat provincial mais auront trois entrainements hebdomadaires, dont un cibl\u00e9 sur le shoot. Quand on aura la possibilit\u00e9, on leur proposera des matches amicaux contre des formations r\u00e9gionales comme \u00e7a ils se feront les dents et progresseront.<\/em><\/p>\n<p style=\"text-align: right\">Steve Duw\u00e9 \u2013 Coordinateur sportif<br \/>\nPropos recueillis par Christophe Kugener pour La Capitale<\/p>\n<p><a href=\"https:\/\/tst.basketclubs.be\/royalbceclair\/news\/la-dynamo-neuve-de-leclair\/\"><strong>\u2192<\/strong><\/a><\/p>\n","protected":false},"excerpt":{"rendered":"<p>Un Projet social et qualitatif avant tout Nous sommes un club familial \u00e0 port\u00e9e sociale mais on veut aller vers la qualit\u00e9. Social et sportif \u00e0 la fois si vous pr\u00e9f\u00e9rez. Il n\u2019y a pas de secret, il faut partir du bas et construire. Actuellement nous des U12 et des U14 avec pas mal de [&hellip;]<\/p>\n","protected":false},"author":123,"featured_media":0,"parent":0,"menu_order":0,"comment_status":"closed","ping_status":"closed","template":"page-templates\/page-free.php","meta":{"footnotes":""},"class_list":["post-30","page","type-page","status-publish","hentry"],"_links":{"self":[{"href":"https:\/\/tst.basketclubs.be\/royalbceclair\/wp-json\/wp\/v2\/pages\/30","targetHints":{"allow":["GET"]}}],"collection":[{"href":"https:\/\/tst.basketclubs.be\/royalbceclair\/wp-json\/wp\/v2\/pages"}],"about":[{"href":"https:\/\/tst.basketclubs.be\/royalbceclair\/wp-json\/wp\/v2\/types\/page"}],"author":[{"embeddable":true,"href":"https:\/\/tst.basketclubs.be\/royalbceclair\/wp-json\/wp\/v2\/users\/123"}],"replies":[{"embeddable":true,"href":"https:\/\/tst.basketclubs.be\/royalbceclair\/wp-json\/wp\/v2\/comments?post=30"}],"version-history":[{"count":2,"href":"https:\/\/tst.basketclubs.be\/royalbceclair\/wp-json\/wp\/v2\/pages\/30\/revisions"}],"predecessor-version":[{"id":249,"href":"https:\/\/tst.basketclubs.be\/royalbceclair\/wp-json\/wp\/v2\/pages\/30\/revisions\/249"}],"wp:attachment":[{"href":"https:\/\/tst.basketclubs.be\/royalbceclair\/wp-json\/wp\/v2\/media?parent=30"}],"curies":[{"name":"wp","href":"https:\/\/api.w.org\/{rel}","templated":true}]}}