{"id":27,"date":"2016-09-12T21:39:00","date_gmt":"2016-09-12T19:39:00","guid":{"rendered":"https:\/\/tst.basketclubs.be\/royalbceclair\/?page_id=27"},"modified":"2018-06-17T18:04:37","modified_gmt":"2018-06-17T16:04:37","slug":"practices","status":"publish","type":"page","link":"https:\/\/tst.basketclubs.be\/royalbceclair\/practices\/","title":{"rendered":"Entra\u00eenements"},"content":{"rendered":"<p>Cette ann\u00e9e, tous nos entra\u00eenements auront bien lieu \u00e0 la salle omnisports de N-O-H, 120 rue de Lombartzijde.<\/p>\n<p><strong>Mardi\u00a0<\/strong><\/p>\n<p>salle Omnisports de NOH<\/p>\n<ul>\n<li>de 17h00 \u00e0 18h30 : U10 (n\u00e9s en 2009 et 2010) et U12 (n\u00e9s en 2007 et 2008)<\/li>\n<li>de 18h15 \u00e0 19h45 : U14 (n\u00e9s en 2005 et 2006) et U16 (n\u00e9s en 2003 et 2004)<\/li>\n<li>de 19h45 \u00e0 21h00 : P3 \u00a0et DU19 (n\u00e9s en 2000, 2001 et 2002)<\/li>\n<li>de 21h00 \u00e0 22h30 : P1 messieurs et P3 Dame.<\/li>\n<\/ul>\n<p>salle Cappellemans<\/p>\n<p>de 20h \u00e0 22h: U18 (n\u00e9 en 2001 &#8211; 2002)<\/p>\n<p><strong>Mercredi<\/strong><\/p>\n<p>salle Omnisports de NOH<\/p>\n<ul>\n<li>de 14h00 \u00e0 15h15: U6 + U8 (n\u00e9s en 2011 ou apr\u00e8s) : sp\u00e9cifique<\/li>\n<li>de 15h00 \u00e0 16h00:\u00a0Sp\u00e9cifique<\/li>\n<li>de 20h00 \u00e0 22h00: P3 Dames<\/li>\n<\/ul>\n<p><strong>Jeudi<\/strong><\/p>\n<p>salle Omnisports de NOH<\/p>\n<ul>\n<li>de 17h00 \u00e0 18h30 : U10 (n\u00e9s en 2009 et 2010) et U12 (n\u00e9s en 2007 et 2008)<\/li>\n<li>de 18h15 \u00e0 19h45 : U14 (n\u00e9s en 2005 et 2006) et U16 (n\u00e9s en 2003 et 2004)<\/li>\n<li>de 19h45 \u00e0 21h00 : P3 \u00a0et DU19 (n\u00e9s en 2000, 2001 et 2002)<\/li>\n<li>de 21h00 \u00e0 22h30 : P1 messieurs + P3 r\u00e9serve<\/li>\n<\/ul>\n","protected":false},"excerpt":{"rendered":"<p>Cette ann\u00e9e, tous nos entra\u00eenements auront bien lieu \u00e0 la salle omnisports de N-O-H, 120 rue de Lombartzijde. Mardi\u00a0 salle Omnisports de NOH de 17h00 \u00e0 18h30 : U10 (n\u00e9s en 2009 et 2010) et U12 (n\u00e9s en 2007 et 2008) de 18h15 \u00e0 19h45 : U14 (n\u00e9s en 2005 et 2006) et U16 (n\u00e9s [&hellip;]<\/p>\n","protected":false},"author":123,"featured_media":0,"parent":0,"menu_order":0,"comment_status":"closed","ping_status":"closed","template":"page-templates\/page-practices.php","meta":{"footnotes":""},"class_list":["post-27","page","type-page","status-publish","hentry"],"_links":{"self":[{"href":"https:\/\/tst.basketclubs.be\/royalbceclair\/wp-json\/wp\/v2\/pages\/27","targetHints":{"allow":["GET"]}}],"collection":[{"href":"https:\/\/tst.basketclubs.be\/royalbceclair\/wp-json\/wp\/v2\/pages"}],"about":[{"href":"https:\/\/tst.basketclubs.be\/royalbceclair\/wp-json\/wp\/v2\/types\/page"}],"author":[{"embeddable":true,"href":"https:\/\/tst.basketclubs.be\/royalbceclair\/wp-json\/wp\/v2\/users\/123"}],"replies":[{"embeddable":true,"href":"https:\/\/tst.basketclubs.be\/royalbceclair\/wp-json\/wp\/v2\/comments?post=27"}],"version-history":[{"count":7,"href":"https:\/\/tst.basketclubs.be\/royalbceclair\/wp-json\/wp\/v2\/pages\/27\/revisions"}],"predecessor-version":[{"id":305,"href":"https:\/\/tst.basketclubs.be\/royalbceclair\/wp-json\/wp\/v2\/pages\/27\/revisions\/305"}],"wp:attachment":[{"href":"https:\/\/tst.basketclubs.be\/royalbceclair\/wp-json\/wp\/v2\/media?parent=27"}],"curies":[{"name":"wp","href":"https:\/\/api.w.org\/{rel}","templated":true}]}}