{"id":22,"date":"2016-09-12T21:28:55","date_gmt":"2016-09-12T19:28:55","guid":{"rendered":"https:\/\/tst.basketclubs.be\/royalbceclair\/?page_id=22"},"modified":"2017-08-30T21:17:02","modified_gmt":"2017-08-30T19:17:02","slug":"history","status":"publish","type":"page","link":"https:\/\/tst.basketclubs.be\/royalbceclair\/history\/","title":{"rendered":"Historique"},"content":{"rendered":"<p>Notre cercle postscolaire a f\u00eat\u00e9 officiellement ses 75 ans d\u2019existence en 2014.<br \/>\nAvec le num\u00e9ro de matricule 45 aupr\u00e8s de l\u2019A.W.B.B., nous sommes parmi les rares pionniers du basketball encore en activit\u00e9, et le plus ancien \u00e0 Bruxelles-Ville. En effet, le BC ECLAIR a \u00e9t\u00e9 cr\u00e9e en 1935 sous la marque de la soci\u00e9t\u00e9 \u00ab SINCLAIR \u00bb, dont le si\u00e8ge \u00e9tait rue de Birmingham \u00e0 Anderlecht. Lorsque cette soci\u00e9t\u00e9 quitta la Belgique, les employ\u00e9s belges, qui au contact des cadres am\u00e9ricains avaient appris \u00e0 jouer au basket, d\u00e9cid\u00e8rent de continuer \u00e0 pratiquer leur sport favori, et fond\u00e8rent l\u2019ECLAIR, dont les premiers statuts datent du 01\/11\/1937. Le premier terrain o\u00f9 \u00e9volu\u00e8rent nos fondateurs \u00e9tait situ\u00e9 derri\u00e8re le Th\u00e9\u00e2tre Flamand \u00e0 Bruxelles.<\/p>\n<p>Durant l\u2019occupation allemande de 1940-1945, les activit\u00e9s du club furent bien entendu suspendues. C\u2019est durant\u00a0 l\u2019\u00e9t\u00e9 1945 que le club \u00e9tablit ses quartiers g\u00e9n\u00e9raux \u00e0 Neder-Over-Heembeek, participant \u00e0 l\u2019essor du cercle postscolaire des \u00e9coles 37 et 40 \u00ab Joie et Jeunesse \u00bb. La section basket utilisa alors les caves comme vestiaires, et l\u2019arri\u00e8re-cour de ces \u00e9coles comme terrain de jeu. Plus tard, elle joua \u00e9galement sur les pav\u00e9s de porphyre de la place Peter Benoit, en face de l\u2019\u00e9glise Saint-Pierre et Paul.<\/p>\n<p>Les couleurs de l\u2019Eclair \u00e0 cette \u00e9poque \u00e9taient le jaune, le noir et le rouge, \u00e0 l&rsquo;instar du drapeau belge.<br \/>\nEn mai 1949, le club occupa le terrain en briques rouge pil\u00e9es de la 1\u00e8re plaine de jeux de Neder-Over-heembeek (l\u2019actuelle plaine du Centre P\u00e9dagogique Vlasendael) inaugur\u00e9e par le bourgmestre de l\u2019\u00e9poque, Lucien Cooremans, qui \u00e9tait \u00e9galement pr\u00e9sident de la f\u00e9d\u00e9ration des cercles postscolaires des \u00e9coles officielles de la Ville de Bruxelles.<br \/>\nDepuis, l\u2019Eclair n\u2019a plus quitt\u00e9 son patelin, ses joueurs usant leurs baskets sur plusieurs terrains de la plaine de basketball, puis dans le gymnase de l\u2019\u00e9cole 37\/40, l\u2019Horizon, et enfin aujourd\u2019hui dans la salle omnisports de la rue de Lombartzijde.<\/p>\n<p>En m\u00e9moire \u00e0 : Jean Elias (secr\u00e9taire g\u00e9n\u00e9ral de la f\u00e9d\u00e9ration de basketball), Hubert Moeys, August et Eug\u00e8ne Cnops, Louis De Ruymaeker, Lucien Verbinnen, D\u00e9sir\u00e9 Vande Velde, Maria Nou\u00eal, Th\u00e9o Min, Roger Gerard,\u00a0 Germaine De Aro, Luka Selman, Ren\u00e9 Michel, Claude Lemaire, Jean-Louis Garnier, Andr\u00e9 Maes, Denys Paula, et tant d\u2019autres\u2026<\/p>\n","protected":false},"excerpt":{"rendered":"<p>Notre cercle postscolaire a f\u00eat\u00e9 officiellement ses 75 ans d\u2019existence en 2014. Avec le num\u00e9ro de matricule 45 aupr\u00e8s de l\u2019A.W.B.B., nous sommes parmi les rares pionniers du basketball encore en activit\u00e9, et le plus ancien \u00e0 Bruxelles-Ville. En effet, le BC ECLAIR a \u00e9t\u00e9 cr\u00e9e en 1935 sous la marque de la soci\u00e9t\u00e9 \u00ab [&hellip;]<\/p>\n","protected":false},"author":123,"featured_media":0,"parent":0,"menu_order":0,"comment_status":"closed","ping_status":"closed","template":"page-templates\/page-history.php","meta":{"footnotes":""},"class_list":["post-22","page","type-page","status-publish","hentry"],"_links":{"self":[{"href":"https:\/\/tst.basketclubs.be\/royalbceclair\/wp-json\/wp\/v2\/pages\/22","targetHints":{"allow":["GET"]}}],"collection":[{"href":"https:\/\/tst.basketclubs.be\/royalbceclair\/wp-json\/wp\/v2\/pages"}],"about":[{"href":"https:\/\/tst.basketclubs.be\/royalbceclair\/wp-json\/wp\/v2\/types\/page"}],"author":[{"embeddable":true,"href":"https:\/\/tst.basketclubs.be\/royalbceclair\/wp-json\/wp\/v2\/users\/123"}],"replies":[{"embeddable":true,"href":"https:\/\/tst.basketclubs.be\/royalbceclair\/wp-json\/wp\/v2\/comments?post=22"}],"version-history":[{"count":2,"href":"https:\/\/tst.basketclubs.be\/royalbceclair\/wp-json\/wp\/v2\/pages\/22\/revisions"}],"predecessor-version":[{"id":51,"href":"https:\/\/tst.basketclubs.be\/royalbceclair\/wp-json\/wp\/v2\/pages\/22\/revisions\/51"}],"wp:attachment":[{"href":"https:\/\/tst.basketclubs.be\/royalbceclair\/wp-json\/wp\/v2\/media?parent=22"}],"curies":[{"name":"wp","href":"https:\/\/api.w.org\/{rel}","templated":true}]}}