{"id":15,"date":"2019-05-01T22:53:51","date_gmt":"2019-05-01T20:53:51","guid":{"rendered":"https:\/\/tst.basketclubs.be\/mosajambes\/?page_id=15"},"modified":"2019-05-01T23:13:19","modified_gmt":"2019-05-01T21:13:19","slug":"join","status":"publish","type":"page","link":"https:\/\/tst.basketclubs.be\/mosajambes\/join\/","title":{"rendered":"Tu veux jouer au basket? Comment t&rsquo;inscrire?"},"content":{"rendered":"<p>Le Mosa Jambes est un club de basket principalement masculin; les \u00e9quipes sont mixtes en mini-basket.<\/p>\n<p>Notre objectif: permettre \u00e0 chaque joueur de s\u2019\u00e9panouir au mieux de ses capacit\u00e9s, tant sportivement que socialement, gr\u00e2ce \u00e0 la pratique du basketball.<\/p>\n<p>Nous engageons des \u00e9quipes de jeunes (de 6 \u00e0 21 ans) dans les comp\u00e9titions provinciales chaque fois que c\u2019est possible, pour permettre \u00e0 chacun d\u2019\u00e9voluer au niveau qui lui convient le mieux.<br \/>\nNous offrons toujours la possibilit\u00e9 de 1 ou 2 s\u00e9ances \u00e0 l\u2019essai sans engagement avant de proc\u00e9der \u00e0 une affiliation.<br \/>\nAlors, n&rsquo;h\u00e9site pas&#8230;VIENS NOUS REJOINDRE AU MOSA JAMBES!<\/p>\n<p>RENSEIGNEMENTS :<br \/>\nContacter la secr\u00e9taire ou la responsable des jeunes.<br \/>\nVous pouvez bien s\u00fbr utiliser le formulaire ci-joint.<\/p>\n","protected":false},"excerpt":{"rendered":"<p>Le Mosa Jambes est un club de basket principalement masculin; les \u00e9quipes sont mixtes en mini-basket. Notre objectif: permettre \u00e0 chaque joueur de s\u2019\u00e9panouir au mieux de ses capacit\u00e9s, tant sportivement que socialement, gr\u00e2ce \u00e0 la pratique du basketball. Nous engageons des \u00e9quipes de jeunes (de 6 \u00e0 21 ans) dans les comp\u00e9titions provinciales chaque [&hellip;]<\/p>\n","protected":false},"author":108,"featured_media":0,"parent":0,"menu_order":0,"comment_status":"closed","ping_status":"closed","template":"page-templates\/page-join.php","meta":{"footnotes":""},"class_list":["post-15","page","type-page","status-publish","hentry"],"_links":{"self":[{"href":"https:\/\/tst.basketclubs.be\/mosajambes\/wp-json\/wp\/v2\/pages\/15","targetHints":{"allow":["GET"]}}],"collection":[{"href":"https:\/\/tst.basketclubs.be\/mosajambes\/wp-json\/wp\/v2\/pages"}],"about":[{"href":"https:\/\/tst.basketclubs.be\/mosajambes\/wp-json\/wp\/v2\/types\/page"}],"author":[{"embeddable":true,"href":"https:\/\/tst.basketclubs.be\/mosajambes\/wp-json\/wp\/v2\/users\/108"}],"replies":[{"embeddable":true,"href":"https:\/\/tst.basketclubs.be\/mosajambes\/wp-json\/wp\/v2\/comments?post=15"}],"version-history":[{"count":7,"href":"https:\/\/tst.basketclubs.be\/mosajambes\/wp-json\/wp\/v2\/pages\/15\/revisions"}],"predecessor-version":[{"id":433,"href":"https:\/\/tst.basketclubs.be\/mosajambes\/wp-json\/wp\/v2\/pages\/15\/revisions\/433"}],"wp:attachment":[{"href":"https:\/\/tst.basketclubs.be\/mosajambes\/wp-json\/wp\/v2\/media?parent=15"}],"curies":[{"name":"wp","href":"https:\/\/api.w.org\/{rel}","templated":true}]}}