{"id":11,"date":"2016-07-24T23:21:10","date_gmt":"2016-07-24T21:21:10","guid":{"rendered":"https:\/\/tst.basketclubs.be\/mosajambes\/?page_id=11"},"modified":"2020-07-05T17:21:25","modified_gmt":"2020-07-05T15:21:25","slug":"the-club-2","status":"publish","type":"page","link":"https:\/\/tst.basketclubs.be\/mosajambes\/the-club-2\/","title":{"rendered":"Qui sommes-nous?"},"content":{"rendered":"<p>LE ROYAL MOSA JAMBES : Un club dynamique et convivial, le plus ancien de la Province de Namur.<\/p>\n<p>Un club de basket essentiellement masculin ouvert \u00e0 tous d\u00e8s 4.5 ans<br \/>\nReconnu et soutenu par la Commune de Namur<br \/>\nMembre de l\u2019Association Wallonie Bruxelles de Basket (AWBB)<br \/>\nSaison 2019-2020: une \u00e9quipe Dames (P2) rejoint le Mosa Jambes.<br \/>\nPour la saison 2020-2021, une seconde \u00e9quipe f\u00e9minine senior rejoint le club.<br \/>\nLe club esp\u00e8re d\u00e9veliopper aussi une section f\u00e9minine.<\/p>\n<p>Un encadrement sportif qualifi\u00e9<br \/>\nDes infrastructures et un mat\u00e9riel de qualit\u00e9 (Centre Sportif Jambes)<br \/>\nDes stages, des tournois et bien plus encore \u00e0 d\u00e9couvrir<\/p>\n<p>VALEURS ET PRINCIPES:<\/p>\n<p>Respect \u2013 Solidarit\u00e9 \u2013 Loyaut\u00e9<br \/>\nPlaisir du jeu \u2013 Go\u00fbt de l\u2019effort<br \/>\nEsprit d\u2019\u00e9quipe \u2013 Esprit de club \u2013 Convivialit\u00e9<\/p>\n<p>RENSEIGNEMENTS ET INSCRIPTIONS :<\/p>\n<p>Didier Dahin (Pr\u00e9sident) : info@dahin.be<br \/>\nCatherine Nicolas(Secr\u00e9taire) : nicolas.catherine@outlook.com<br \/>\nCaroline Maquet(Responsable des jeunes) : caro_maqu@hotmail.com<\/p>\n","protected":false},"excerpt":{"rendered":"<p>LE ROYAL MOSA JAMBES : Un club dynamique et convivial, le plus ancien de la Province de Namur. Un club de basket essentiellement masculin ouvert \u00e0 tous d\u00e8s 4.5 ans Reconnu et soutenu par la Commune de Namur Membre de l\u2019Association Wallonie Bruxelles de Basket (AWBB) Saison 2019-2020: une \u00e9quipe Dames (P2) rejoint le Mosa [&hellip;]<\/p>\n","protected":false},"author":108,"featured_media":0,"parent":0,"menu_order":0,"comment_status":"closed","ping_status":"closed","template":"page-templates\/page-free.php","meta":{"footnotes":""},"class_list":["post-11","page","type-page","status-publish","hentry"],"_links":{"self":[{"href":"https:\/\/tst.basketclubs.be\/mosajambes\/wp-json\/wp\/v2\/pages\/11","targetHints":{"allow":["GET"]}}],"collection":[{"href":"https:\/\/tst.basketclubs.be\/mosajambes\/wp-json\/wp\/v2\/pages"}],"about":[{"href":"https:\/\/tst.basketclubs.be\/mosajambes\/wp-json\/wp\/v2\/types\/page"}],"author":[{"embeddable":true,"href":"https:\/\/tst.basketclubs.be\/mosajambes\/wp-json\/wp\/v2\/users\/108"}],"replies":[{"embeddable":true,"href":"https:\/\/tst.basketclubs.be\/mosajambes\/wp-json\/wp\/v2\/comments?post=11"}],"version-history":[{"count":13,"href":"https:\/\/tst.basketclubs.be\/mosajambes\/wp-json\/wp\/v2\/pages\/11\/revisions"}],"predecessor-version":[{"id":554,"href":"https:\/\/tst.basketclubs.be\/mosajambes\/wp-json\/wp\/v2\/pages\/11\/revisions\/554"}],"wp:attachment":[{"href":"https:\/\/tst.basketclubs.be\/mosajambes\/wp-json\/wp\/v2\/media?parent=11"}],"curies":[{"name":"wp","href":"https:\/\/api.w.org\/{rel}","templated":true}]}}