{"id":6,"date":"2019-01-06T18:00:12","date_gmt":"2019-01-06T16:00:12","guid":{"rendered":"https:\/\/tst.basketclubs.be\/jsdottignies\/?page_id=6"},"modified":"2020-06-21T16:12:46","modified_gmt":"2020-06-21T14:12:46","slug":"coaches","status":"publish","type":"page","link":"https:\/\/tst.basketclubs.be\/jsdottignies\/coaches\/","title":{"rendered":"Entra\u00eeneurs"},"content":{"rendered":"<p style=\"text-align: justify\"><strong>Cat\u00e9gories \u00e9quipes de jeunes pour la saison 2019-2020 :<\/strong><\/p>\n<pre style=\"padding-left: 30px\">U6 (Baby's)     : joueurs n\u00e9s apr\u00e8s 2015\r\nU8 (Pr\u00e9poussins): joueurs n\u00e9s en 2013-2014\r\nU10 (Poussins)  : joueurs n\u00e9s en 2011-2012\r\nU12 (Benjamins) : joueurs n\u00e9s en 2009-2010\r\nU14 (Pupilles)  : joueurs n\u00e9s en 2007-2008\r\nU16 (Minimes)   : joueurs n\u00e9s en 2005-2006\r\nU18 (Cadets)    : joueurs n\u00e9s en 2003-2004\r\nU21 (Juniors)   : joueurs n\u00e9s en 2001-2002<\/pre>\n","protected":false},"excerpt":{"rendered":"<p>Cat\u00e9gories \u00e9quipes de jeunes pour la saison 2019-2020 : U6 (Baby&rsquo;s) : joueurs n\u00e9s apr\u00e8s 2015 U8 (Pr\u00e9poussins): joueurs n\u00e9s en 2013-2014 U10 (Poussins) : joueurs n\u00e9s en 2011-2012 U12 (Benjamins) : joueurs n\u00e9s en 2009-2010 U14 (Pupilles) : joueurs n\u00e9s en 2007-2008 U16 (Minimes) : joueurs n\u00e9s en 2005-2006 U18 (Cadets) : joueurs n\u00e9s [&hellip;]<\/p>\n","protected":false},"author":19,"featured_media":0,"parent":0,"menu_order":0,"comment_status":"closed","ping_status":"closed","template":"","meta":{"footnotes":""},"class_list":["post-6","page","type-page","status-publish","hentry"],"_links":{"self":[{"href":"https:\/\/tst.basketclubs.be\/jsdottignies\/wp-json\/wp\/v2\/pages\/6","targetHints":{"allow":["GET"]}}],"collection":[{"href":"https:\/\/tst.basketclubs.be\/jsdottignies\/wp-json\/wp\/v2\/pages"}],"about":[{"href":"https:\/\/tst.basketclubs.be\/jsdottignies\/wp-json\/wp\/v2\/types\/page"}],"author":[{"embeddable":true,"href":"https:\/\/tst.basketclubs.be\/jsdottignies\/wp-json\/wp\/v2\/users\/19"}],"replies":[{"embeddable":true,"href":"https:\/\/tst.basketclubs.be\/jsdottignies\/wp-json\/wp\/v2\/comments?post=6"}],"version-history":[{"count":74,"href":"https:\/\/tst.basketclubs.be\/jsdottignies\/wp-json\/wp\/v2\/pages\/6\/revisions"}],"predecessor-version":[{"id":5996,"href":"https:\/\/tst.basketclubs.be\/jsdottignies\/wp-json\/wp\/v2\/pages\/6\/revisions\/5996"}],"wp:attachment":[{"href":"https:\/\/tst.basketclubs.be\/jsdottignies\/wp-json\/wp\/v2\/media?parent=6"}],"curies":[{"name":"wp","href":"https:\/\/api.w.org\/{rel}","templated":true}]}}