{"id":16,"date":"2015-06-08T11:01:38","date_gmt":"2015-06-08T09:01:38","guid":{"rendered":"https:\/\/tst.basketclubs.be\/jsdottignies\/?page_id=16"},"modified":"2016-06-14T17:47:49","modified_gmt":"2016-06-14T15:47:49","slug":"infos-2","status":"publish","type":"page","link":"https:\/\/tst.basketclubs.be\/jsdottignies\/infos-2\/","title":{"rendered":"Fiche de renseignements individuelle"},"content":{"rendered":"<p>Document \u00e0 remplir et \u00e0 rendre \u00e0 la secr\u00e9taire ou \u00e0 renvoyer par mail \u00e0 l&rsquo;adresse : js.secretariat@hotmail.com<\/p>\n<p>&nbsp;<\/p>\n<p>&nbsp;<\/p>\n<p>&nbsp;<\/p>\n<p>&nbsp;<\/p>\n","protected":false},"excerpt":{"rendered":"<p>Document \u00e0 remplir et \u00e0 rendre \u00e0 la secr\u00e9taire ou \u00e0 renvoyer par mail \u00e0 l&rsquo;adresse : js.secretariat@hotmail.com &nbsp; &nbsp; &nbsp; &nbsp;<\/p>\n","protected":false},"author":19,"featured_media":0,"parent":0,"menu_order":0,"comment_status":"closed","ping_status":"closed","template":"page-templates\/page-free.php","meta":{"footnotes":""},"class_list":["post-16","page","type-page","status-publish","hentry"],"_links":{"self":[{"href":"https:\/\/tst.basketclubs.be\/jsdottignies\/wp-json\/wp\/v2\/pages\/16","targetHints":{"allow":["GET"]}}],"collection":[{"href":"https:\/\/tst.basketclubs.be\/jsdottignies\/wp-json\/wp\/v2\/pages"}],"about":[{"href":"https:\/\/tst.basketclubs.be\/jsdottignies\/wp-json\/wp\/v2\/types\/page"}],"author":[{"embeddable":true,"href":"https:\/\/tst.basketclubs.be\/jsdottignies\/wp-json\/wp\/v2\/users\/19"}],"replies":[{"embeddable":true,"href":"https:\/\/tst.basketclubs.be\/jsdottignies\/wp-json\/wp\/v2\/comments?post=16"}],"version-history":[{"count":14,"href":"https:\/\/tst.basketclubs.be\/jsdottignies\/wp-json\/wp\/v2\/pages\/16\/revisions"}],"predecessor-version":[{"id":5407,"href":"https:\/\/tst.basketclubs.be\/jsdottignies\/wp-json\/wp\/v2\/pages\/16\/revisions\/5407"}],"wp:attachment":[{"href":"https:\/\/tst.basketclubs.be\/jsdottignies\/wp-json\/wp\/v2\/media?parent=16"}],"curies":[{"name":"wp","href":"https:\/\/api.w.org\/{rel}","templated":true}]}}