{"id":15,"date":"2015-05-28T12:03:25","date_gmt":"2015-05-28T10:03:25","guid":{"rendered":"https:\/\/tst.basketclubs.be\/jsdottignies\/?page_id=15"},"modified":"2020-06-18T17:41:54","modified_gmt":"2020-06-18T15:41:54","slug":"infos-1","status":"publish","type":"page","link":"https:\/\/tst.basketclubs.be\/jsdottignies\/infos-1\/","title":{"rendered":"Cotisation saison 2020-2021"},"content":{"rendered":"<p>Jeunesse Sportive Dottignies<br \/>\nMatricule 2678<br \/>\nPr\u00e9sident\u00a0: Thierry Vanmeerhaeghe 0471\/897.427<br \/>\nSecr\u00e9taire\u00a0: Els De Rycke +33609785583<br \/>\nTr\u00e9sorier\u00a0\u2013 Sponsors : Catherine Debue &#8211; 0477\/364.998<\/p>\n<p>Chers parents, chers affili\u00e9s,<\/p>\n<p>La saison 2019-2020 s\u2019est achev\u00e9e brusquement en nous laissant en soif de basket.<br \/>\nEn esp\u00e9rant que vous ayez travers\u00e9 cette crise sanitaire de la meilleure fa\u00e7on qu\u2019il soit, nous sommes heureux aujourd\u2019hui de pouvoir parler de \u2018\u2019reprise\u2019\u2019\u2026<br \/>\nLes 2 derni\u00e8res semaines de juin permettront aux plus grands de reprendre contact avec le ballon orange avant de tous nous retrouver en ao\u00fbt, pour la reprise de \u2018\u2019rentr\u00e9e\u2019\u2019. Ce sera en septembre pour les plus petits.<br \/>\nVous l\u2019imaginez avec cette crise, les finances du club ont \u00e9t\u00e9 mises \u00e0 mal mais les factures continuent \u00e0 tomber. C\u2019est pour cette raison que nous vous invitons d\u00e8s juin \u00e0 payer votre cotisation.<\/p>\n<p>La F\u00e9d\u00e9ration nous ayant d\u00e9j\u00e0 envoy\u00e9 les factures d\u2019affiliation en augmentant les frais de cotisations, nous avons d\u00e9cid\u00e9 de ne pas augmenter les cotisations du club \u00e9tant donn\u00e9 l\u2019arr\u00eat de la saison mi-mars. Nous vous demandons donc de vous mettre en r\u00e8gle au plus vite en une seule fois ou en 3 versements (juin-juillet-ao\u00fbt). Pour toute autre demande, veuillez vous adresser directement \u00e0 la tr\u00e9sori\u00e8re Catherine.debue@skynet.be ou 0477\/364.998<\/p>\n<p>Pour Rappel, les cotisations sont \u00e0 payer avant le 15 ao\u00fbt sur le compte bancaire de la JS Dottignies : BE64 0688 9493 4252 (BIC : GKCCBEBB) avec comme communication le NOM et PRENOM du JOUEUR ainsi que sa CATEGORIE.<br \/>\nTout joueur qui n\u2019aura pas pay\u00e9 la cotisation apr\u00e8s cette date ne pourra plus participer aux entra\u00eenements, ni aux matchs\u00a0!<\/p>\n<p>120 \u20ac pour les baby\u2019s (U6)<br \/>\n150 \u20ac pour les U8 et U10<br \/>\n175 \u20ac pour les U12, U14, U16, U17, U18, U19&amp; U21<br \/>\n125 \u20ac pour les Seniors<br \/>\n60 \u20ac pour les V\u00e9t\u00e9rans<\/p>\n<p>Comme chaque ann\u00e9e, nous restons les moins chers de la r\u00e9gion !<br \/>\nUne r\u00e9duction de 10 \u20ac est offerte pour la cotisation du second enfant et des suivants.<br \/>\nN\u2019oubliez pas que vous pouvez vous faire rembourser, suivant certaines mutuelles, une partie de votre cotisation. Le papier de mutuelle est \u00e0 donner \u00e0 votre coach respectif ou \u00e0 la tr\u00e9sori\u00e8re.<br \/>\nN\u2019h\u00e9sitez pas \u00e0 vous adresser \u00e0 la ville aussi qui distribue des Ch\u00e8ques Sports.<\/p>\n<p>Bonne saison 2020-2021<br \/>\nPrenez soin de vous,<br \/>\nLe comit\u00e9 de la JS Dottignies.<\/p>\n","protected":false},"excerpt":{"rendered":"<p>Jeunesse Sportive Dottignies Matricule 2678 Pr\u00e9sident\u00a0: Thierry Vanmeerhaeghe 0471\/897.427 Secr\u00e9taire\u00a0: Els De Rycke +33609785583 Tr\u00e9sorier\u00a0\u2013 Sponsors : Catherine Debue &#8211; 0477\/364.998 Chers parents, chers affili\u00e9s, La saison 2019-2020 s\u2019est achev\u00e9e brusquement en nous laissant en soif de basket. En esp\u00e9rant que vous ayez travers\u00e9 cette crise sanitaire de la meilleure fa\u00e7on qu\u2019il soit, nous sommes [&hellip;]<\/p>\n","protected":false},"author":19,"featured_media":0,"parent":0,"menu_order":0,"comment_status":"closed","ping_status":"closed","template":"page-templates\/page-free.php","meta":{"footnotes":""},"class_list":["post-15","page","type-page","status-publish","hentry"],"_links":{"self":[{"href":"https:\/\/tst.basketclubs.be\/jsdottignies\/wp-json\/wp\/v2\/pages\/15","targetHints":{"allow":["GET"]}}],"collection":[{"href":"https:\/\/tst.basketclubs.be\/jsdottignies\/wp-json\/wp\/v2\/pages"}],"about":[{"href":"https:\/\/tst.basketclubs.be\/jsdottignies\/wp-json\/wp\/v2\/types\/page"}],"author":[{"embeddable":true,"href":"https:\/\/tst.basketclubs.be\/jsdottignies\/wp-json\/wp\/v2\/users\/19"}],"replies":[{"embeddable":true,"href":"https:\/\/tst.basketclubs.be\/jsdottignies\/wp-json\/wp\/v2\/comments?post=15"}],"version-history":[{"count":20,"href":"https:\/\/tst.basketclubs.be\/jsdottignies\/wp-json\/wp\/v2\/pages\/15\/revisions"}],"predecessor-version":[{"id":5958,"href":"https:\/\/tst.basketclubs.be\/jsdottignies\/wp-json\/wp\/v2\/pages\/15\/revisions\/5958"}],"wp:attachment":[{"href":"https:\/\/tst.basketclubs.be\/jsdottignies\/wp-json\/wp\/v2\/media?parent=15"}],"curies":[{"name":"wp","href":"https:\/\/api.w.org\/{rel}","templated":true}]}}