{"id":7,"date":"2020-07-05T18:40:40","date_gmt":"2020-07-05T16:40:40","guid":{"rendered":"https:\/\/tst.basketclubs.be\/jeunessebaskethotton\/?page_id=7"},"modified":"2020-07-10T19:04:44","modified_gmt":"2020-07-10T17:04:44","slug":"practices","status":"publish","type":"page","link":"https:\/\/tst.basketclubs.be\/jeunessebaskethotton\/practices\/","title":{"rendered":"Entra\u00eenements"},"content":{"rendered":"<p>Ci-dessous, vous trouverez la grille horaire des entra\u00eenements par cat\u00e9gorie d&rsquo;\u00e2ge.<\/p>\n<p><strong><span style=\"text-decoration: underline\"><img decoding=\"async\" src=\"http:\/\/www.icone-gif.com\/gif\/signalisation\/panneaux\/signalisations050.gif\" alt=\"\" \/><\/span>Cette ann\u00e9e, les entra\u00eenements des U16 reprendront le 5\/8, les U14 reprendront le 31\/7, les U12\u00a0 reprendront le 3\/8, les U10 reprendront le 17\/8, les U9, U8 et Babies reprendront le 9\/9.<\/strong><\/p>\n<p><img decoding=\"async\" src=\"http:\/\/www.icone-gif.com\/gif\/signalisation\/panneaux\/signalisations050.gif\" alt=\"\" \/>Certains entra\u00eenements \u00e9tant d\u00e9localis\u00e9s, v\u00e9rifiez bien l&rsquo;endroit o\u00f9 se donne votre entra\u00eenement.<\/p>\n<p><span style=\"text-decoration: underline\"><img decoding=\"async\" src=\"http:\/\/www.icone-gif.com\/gif\/signalisation\/panneaux\/signalisations050.gif\" alt=\"\" \/>\u00a0Il est \u00e0\u00a0 noter que durant les cong\u00e9s scolaires, certains entra\u00eenements seront suspendus. Il est n\u00e9anmoins conseill\u00e9 d&rsquo;avoir la confirmation du coach de votre cat\u00e9gorie.<\/span><\/p>\n","protected":false},"excerpt":{"rendered":"<p>Ci-dessous, vous trouverez la grille horaire des entra\u00eenements par cat\u00e9gorie d&rsquo;\u00e2ge. Cette ann\u00e9e, les entra\u00eenements des U16 reprendront le 5\/8, les U14 reprendront le 31\/7, les U12\u00a0 reprendront le 3\/8, les U10 reprendront le 17\/8, les U9, U8 et Babies reprendront le 9\/9. Certains entra\u00eenements \u00e9tant d\u00e9localis\u00e9s, v\u00e9rifiez bien l&rsquo;endroit o\u00f9 se donne votre entra\u00eenement. [&hellip;]<\/p>\n","protected":false},"author":70,"featured_media":0,"parent":0,"menu_order":0,"comment_status":"closed","ping_status":"closed","template":"page-templates\/page-practices.php","meta":{"footnotes":""},"class_list":["post-7","page","type-page","status-publish","hentry"],"_links":{"self":[{"href":"https:\/\/tst.basketclubs.be\/jeunessebaskethotton\/wp-json\/wp\/v2\/pages\/7","targetHints":{"allow":["GET"]}}],"collection":[{"href":"https:\/\/tst.basketclubs.be\/jeunessebaskethotton\/wp-json\/wp\/v2\/pages"}],"about":[{"href":"https:\/\/tst.basketclubs.be\/jeunessebaskethotton\/wp-json\/wp\/v2\/types\/page"}],"author":[{"embeddable":true,"href":"https:\/\/tst.basketclubs.be\/jeunessebaskethotton\/wp-json\/wp\/v2\/users\/70"}],"replies":[{"embeddable":true,"href":"https:\/\/tst.basketclubs.be\/jeunessebaskethotton\/wp-json\/wp\/v2\/comments?post=7"}],"version-history":[{"count":52,"href":"https:\/\/tst.basketclubs.be\/jeunessebaskethotton\/wp-json\/wp\/v2\/pages\/7\/revisions"}],"predecessor-version":[{"id":1598,"href":"https:\/\/tst.basketclubs.be\/jeunessebaskethotton\/wp-json\/wp\/v2\/pages\/7\/revisions\/1598"}],"wp:attachment":[{"href":"https:\/\/tst.basketclubs.be\/jeunessebaskethotton\/wp-json\/wp\/v2\/media?parent=7"}],"curies":[{"name":"wp","href":"https:\/\/api.w.org\/{rel}","templated":true}]}}