{"id":6,"date":"2015-10-22T16:17:00","date_gmt":"2015-10-22T14:17:00","guid":{"rendered":"https:\/\/tst.basketclubs.be\/jeunessebaskethotton\/?page_id=6"},"modified":"2020-07-08T17:34:53","modified_gmt":"2020-07-08T15:34:53","slug":"coaches","status":"publish","type":"page","link":"https:\/\/tst.basketclubs.be\/jeunessebaskethotton\/coaches\/","title":{"rendered":"Entra\u00eeneurs"},"content":{"rendered":"<p>En cas d\u2019absence ou de retard \u00e0 un entra\u00eenement ou \u00e0 un match, pensez \u00e0 pr\u00e9venir votre coach\u00a0! Cela \u00e9vite toutes pertes de temps d\u00e9sagr\u00e9ables pour l\u2019entra\u00eeneur et pour vos co\u00e9quipiers. Merci pour eux.<\/p>\n","protected":false},"excerpt":{"rendered":"<p>En cas d\u2019absence ou de retard \u00e0 un entra\u00eenement ou \u00e0 un match, pensez \u00e0 pr\u00e9venir votre coach\u00a0! Cela \u00e9vite toutes pertes de temps d\u00e9sagr\u00e9ables pour l\u2019entra\u00eeneur et pour vos co\u00e9quipiers. Merci pour eux.<\/p>\n","protected":false},"author":70,"featured_media":0,"parent":0,"menu_order":0,"comment_status":"closed","ping_status":"closed","template":"","meta":{"footnotes":""},"class_list":["post-6","page","type-page","status-publish","hentry"],"_links":{"self":[{"href":"https:\/\/tst.basketclubs.be\/jeunessebaskethotton\/wp-json\/wp\/v2\/pages\/6","targetHints":{"allow":["GET"]}}],"collection":[{"href":"https:\/\/tst.basketclubs.be\/jeunessebaskethotton\/wp-json\/wp\/v2\/pages"}],"about":[{"href":"https:\/\/tst.basketclubs.be\/jeunessebaskethotton\/wp-json\/wp\/v2\/types\/page"}],"author":[{"embeddable":true,"href":"https:\/\/tst.basketclubs.be\/jeunessebaskethotton\/wp-json\/wp\/v2\/users\/70"}],"replies":[{"embeddable":true,"href":"https:\/\/tst.basketclubs.be\/jeunessebaskethotton\/wp-json\/wp\/v2\/comments?post=6"}],"version-history":[{"count":41,"href":"https:\/\/tst.basketclubs.be\/jeunessebaskethotton\/wp-json\/wp\/v2\/pages\/6\/revisions"}],"predecessor-version":[{"id":1594,"href":"https:\/\/tst.basketclubs.be\/jeunessebaskethotton\/wp-json\/wp\/v2\/pages\/6\/revisions\/1594"}],"wp:attachment":[{"href":"https:\/\/tst.basketclubs.be\/jeunessebaskethotton\/wp-json\/wp\/v2\/media?parent=6"}],"curies":[{"name":"wp","href":"https:\/\/api.w.org\/{rel}","templated":true}]}}