{"id":5,"date":"2015-10-16T17:30:02","date_gmt":"2015-10-16T15:30:02","guid":{"rendered":"https:\/\/tst.basketclubs.be\/jeunessebaskethotton\/?page_id=5"},"modified":"2020-07-05T19:08:59","modified_gmt":"2020-07-05T17:08:59","slug":"committee","status":"publish","type":"page","link":"https:\/\/tst.basketclubs.be\/jeunessebaskethotton\/committee\/","title":{"rendered":"Comit\u00e9"},"content":{"rendered":"<p>Revoici d\u00e9j\u00e0 la nouvelle saison de basket qui, nous l\u2019esp\u00e9rons, t\u2019apportera beaucoup de satisfactions au sein du club.<\/p>\n<p>Le comit\u00e9 mettra tout en \u0153uvre pour que cette saison 2020-2021 se d\u00e9roule dans les meilleures conditions.<\/p>\n","protected":false},"excerpt":{"rendered":"<p>Revoici d\u00e9j\u00e0 la nouvelle saison de basket qui, nous l\u2019esp\u00e9rons, t\u2019apportera beaucoup de satisfactions au sein du club. Le comit\u00e9 mettra tout en \u0153uvre pour que cette saison 2020-2021 se d\u00e9roule dans les meilleures conditions.<\/p>\n","protected":false},"author":70,"featured_media":0,"parent":0,"menu_order":0,"comment_status":"closed","ping_status":"closed","template":"page-templates\/page-committee.php","meta":{"footnotes":""},"class_list":["post-5","page","type-page","status-publish","hentry"],"_links":{"self":[{"href":"https:\/\/tst.basketclubs.be\/jeunessebaskethotton\/wp-json\/wp\/v2\/pages\/5","targetHints":{"allow":["GET"]}}],"collection":[{"href":"https:\/\/tst.basketclubs.be\/jeunessebaskethotton\/wp-json\/wp\/v2\/pages"}],"about":[{"href":"https:\/\/tst.basketclubs.be\/jeunessebaskethotton\/wp-json\/wp\/v2\/types\/page"}],"author":[{"embeddable":true,"href":"https:\/\/tst.basketclubs.be\/jeunessebaskethotton\/wp-json\/wp\/v2\/users\/70"}],"replies":[{"embeddable":true,"href":"https:\/\/tst.basketclubs.be\/jeunessebaskethotton\/wp-json\/wp\/v2\/comments?post=5"}],"version-history":[{"count":29,"href":"https:\/\/tst.basketclubs.be\/jeunessebaskethotton\/wp-json\/wp\/v2\/pages\/5\/revisions"}],"predecessor-version":[{"id":1565,"href":"https:\/\/tst.basketclubs.be\/jeunessebaskethotton\/wp-json\/wp\/v2\/pages\/5\/revisions\/1565"}],"wp:attachment":[{"href":"https:\/\/tst.basketclubs.be\/jeunessebaskethotton\/wp-json\/wp\/v2\/media?parent=5"}],"curies":[{"name":"wp","href":"https:\/\/api.w.org\/{rel}","templated":true}]}}