{"id":3,"date":"2015-10-16T14:55:16","date_gmt":"2015-10-16T12:55:16","guid":{"rendered":"https:\/\/tst.basketclubs.be\/jeunessebaskethotton\/?page_id=3"},"modified":"2018-07-17T20:57:41","modified_gmt":"2018-07-17T18:57:41","slug":"history","status":"publish","type":"page","link":"https:\/\/tst.basketclubs.be\/jeunessebaskethotton\/history\/","title":{"rendered":"Historique"},"content":{"rendered":"<p>En novembre 2006, le tout nou<img loading=\"lazy\" decoding=\"async\" class=\" wp-image-141 alignright\" src=\"https:\/\/tst.basketclubs.be\/jeunessebaskethotton\/wp-content\/uploads\/sites\/62\/2015\/10\/Complexe-sportif-300x225.jpg\" alt=\"Complexe sportif\" width=\"240\" height=\"180\" srcset=\"https:\/\/tst.basketclubs.be\/jeunessebaskethotton\/wp-content\/uploads\/sites\/62\/2015\/10\/Complexe-sportif-300x225.jpg 300w, https:\/\/tst.basketclubs.be\/jeunessebaskethotton\/wp-content\/uploads\/sites\/62\/2015\/10\/Complexe-sportif.jpg 400w\" sizes=\"auto, (max-width: 240px) 100vw, 240px\" \/>veau\u00a0club\u00a0de la Jeunesse Basket Hotton,\u00a0matricule<br \/>\n2651, prenait vie sous l\u2019impulsion des autorit\u00e9s communales, et surtout d\u2019un groupe de\u00a0parents motiv\u00e9s, soucieux de maintenir cette activit\u00e9 sportive au sein de notre entit\u00e9.<\/p>\n<p>Aujourd\u2019hui,\u00a0gr\u00e2ce\u00a0au travail de cette poign\u00e9e d\u2019hommes et de femmes, la commune de Hotton peut, en plus des nombreux sports d\u00e9j\u00e0 disponibles, proposer aux jeunes de la r\u00e9gion, un club de basket stable et performant.<\/p>\n<p>En effet, \u00e0 l\u2019heure actuelle, de nombreux affili\u00e9s r\u00e9partis <img loading=\"lazy\" decoding=\"async\" class=\" wp-image-67 alignleft\" src=\"https:\/\/tst.basketclubs.be\/jeunessebaskethotton\/wp-content\/uploads\/sites\/62\/2015\/10\/DSCF4030-219x300.jpg\" alt=\"DSCF4030\" width=\"186\" height=\"254\" \/>dans diff\u00e9rentes cat\u00e9gories, suivent deux fois par semaine, des entra\u00eenements dispens\u00e9s par des coachs agr\u00e9\u00e9s de\u00a0<span style=\"line-height: 1.5\">l\u2019ADEPS et de l\u2019AWBB (Association Wallonie-Bru<\/span><span style=\"line-height: 1.5\">xelles de Basket). De pl<\/span><span style=\"line-height: 1.5\">us, six \u00e9quipes engag\u00e9es en comp\u00e9tition d\u00e9fendent ch\u00e8rement les couleurs de Hotton chaque week-<\/span><span style=\"line-height: 1.5\">end.<\/span><\/p>\n<p>Ceci dit, venir voir l\u2019ambiance aux entra\u00eenements, ou m\u00eame mieux, faire quelques essais sans engagement, ne co\u00fbte rien. Et certains se d\u00e9couvriront peut-\u00eatre une nouvelle passion.<\/p>\n<p>&nbsp;<\/p>\n<p>Les photos et article de journal ci-dessous, t\u00e9moins de l&rsquo;existence d&rsquo;un club de basket \u00e0 Hotton\u00a0avant le matricule\u00a02651 nous\u00a0ont \u00e9t\u00e9 envoy\u00e9es par un sympathisant. Grand merci \u00e0 lui.<\/p>\n<p><a href=\"https:\/\/tst.basketclubs.be\/jeunessebaskethotton\/history\/14330841_931463953667047_38823771_n\/\" rel=\"attachment wp-att-934\"><img loading=\"lazy\" decoding=\"async\" class=\"size-medium wp-image-934 alignleft\" src=\"https:\/\/tst.basketclubs.be\/jeunessebaskethotton\/wp-content\/uploads\/sites\/62\/2015\/10\/14330841_931463953667047_38823771_n-300x205.jpg\" alt=\"14330841_931463953667047_38823771_n\" width=\"300\" height=\"205\" srcset=\"https:\/\/tst.basketclubs.be\/jeunessebaskethotton\/wp-content\/uploads\/sites\/62\/2015\/10\/14330841_931463953667047_38823771_n-300x205.jpg 300w, https:\/\/tst.basketclubs.be\/jeunessebaskethotton\/wp-content\/uploads\/sites\/62\/2015\/10\/14330841_931463953667047_38823771_n.jpg 576w\" sizes=\"auto, (max-width: 300px) 100vw, 300px\" \/><\/a><a href=\"https:\/\/tst.basketclubs.be\/jeunessebaskethotton\/history\/14328841_931464160333693_1297415310_n\/\" rel=\"attachment wp-att-932\"><img loading=\"lazy\" decoding=\"async\" class=\"size-medium wp-image-932 alignleft\" src=\"https:\/\/tst.basketclubs.be\/jeunessebaskethotton\/wp-content\/uploads\/sites\/62\/2015\/10\/14328841_931464160333693_1297415310_n-300x229.jpg\" alt=\"14328841_931464160333693_1297415310_n\" width=\"300\" height=\"229\" srcset=\"https:\/\/tst.basketclubs.be\/jeunessebaskethotton\/wp-content\/uploads\/sites\/62\/2015\/10\/14328841_931464160333693_1297415310_n-300x229.jpg 300w, https:\/\/tst.basketclubs.be\/jeunessebaskethotton\/wp-content\/uploads\/sites\/62\/2015\/10\/14328841_931464160333693_1297415310_n.jpg 651w\" sizes=\"auto, (max-width: 300px) 100vw, 300px\" \/><\/a><\/p>\n<p>&nbsp;<\/p>\n<p><a href=\"https:\/\/tst.basketclubs.be\/jeunessebaskethotton\/history\/14328981_931463920333717_1741671207_n\/\" rel=\"attachment wp-att-933\"><img loading=\"lazy\" decoding=\"async\" class=\"wp-image-933 aligncenter\" src=\"https:\/\/tst.basketclubs.be\/jeunessebaskethotton\/wp-content\/uploads\/sites\/62\/2015\/10\/14328981_931463920333717_1741671207_n-188x300.jpg\" alt=\"14328981_931463920333717_1741671207_n\" width=\"228\" height=\"364\" srcset=\"https:\/\/tst.basketclubs.be\/jeunessebaskethotton\/wp-content\/uploads\/sites\/62\/2015\/10\/14328981_931463920333717_1741671207_n-188x300.jpg 188w, https:\/\/tst.basketclubs.be\/jeunessebaskethotton\/wp-content\/uploads\/sites\/62\/2015\/10\/14328981_931463920333717_1741671207_n.jpg 505w\" sizes=\"auto, (max-width: 228px) 100vw, 228px\" \/><\/a><\/p>\n<p>&nbsp;<\/p>\n","protected":false},"excerpt":{"rendered":"<p>En novembre 2006, le tout nouveau\u00a0club\u00a0de la Jeunesse Basket Hotton,\u00a0matricule 2651, prenait vie sous l\u2019impulsion des autorit\u00e9s communales, et surtout d\u2019un groupe de\u00a0parents motiv\u00e9s, soucieux de maintenir cette activit\u00e9 sportive au sein de notre entit\u00e9. Aujourd\u2019hui,\u00a0gr\u00e2ce\u00a0au travail de cette poign\u00e9e d\u2019hommes et de femmes, la commune de Hotton peut, en plus des nombreux sports d\u00e9j\u00e0 [&hellip;]<\/p>\n","protected":false},"author":70,"featured_media":0,"parent":0,"menu_order":0,"comment_status":"closed","ping_status":"closed","template":"page-templates\/page-history.php","meta":{"footnotes":""},"class_list":["post-3","page","type-page","status-publish","hentry"],"_links":{"self":[{"href":"https:\/\/tst.basketclubs.be\/jeunessebaskethotton\/wp-json\/wp\/v2\/pages\/3","targetHints":{"allow":["GET"]}}],"collection":[{"href":"https:\/\/tst.basketclubs.be\/jeunessebaskethotton\/wp-json\/wp\/v2\/pages"}],"about":[{"href":"https:\/\/tst.basketclubs.be\/jeunessebaskethotton\/wp-json\/wp\/v2\/types\/page"}],"author":[{"embeddable":true,"href":"https:\/\/tst.basketclubs.be\/jeunessebaskethotton\/wp-json\/wp\/v2\/users\/70"}],"replies":[{"embeddable":true,"href":"https:\/\/tst.basketclubs.be\/jeunessebaskethotton\/wp-json\/wp\/v2\/comments?post=3"}],"version-history":[{"count":16,"href":"https:\/\/tst.basketclubs.be\/jeunessebaskethotton\/wp-json\/wp\/v2\/pages\/3\/revisions"}],"predecessor-version":[{"id":1241,"href":"https:\/\/tst.basketclubs.be\/jeunessebaskethotton\/wp-json\/wp\/v2\/pages\/3\/revisions\/1241"}],"wp:attachment":[{"href":"https:\/\/tst.basketclubs.be\/jeunessebaskethotton\/wp-json\/wp\/v2\/media?parent=3"}],"curies":[{"name":"wp","href":"https:\/\/api.w.org\/{rel}","templated":true}]}}