{"id":20,"date":"2015-10-23T17:40:33","date_gmt":"2015-10-23T15:40:33","guid":{"rendered":"https:\/\/tst.basketclubs.be\/jeunessebaskethotton\/?page_id=20"},"modified":"2015-10-25T16:15:40","modified_gmt":"2015-10-25T14:15:40","slug":"contact","status":"publish","type":"page","link":"https:\/\/tst.basketclubs.be\/jeunessebaskethotton\/contact\/","title":{"rendered":"Contact"},"content":{"rendered":"<p>Pour toutes questions qui touchent \u00e0 la vie du club, veuillez vous reporter \u00e0 la <strong>rubrique \u00ab\u00a0<a href=\"https:\/\/tst.basketclubs.be\/jeunessebaskethotton\/committee\/\">Comit\u00e9<\/a>\u00a0\u00bb\u00a0<\/strong>o\u00f9 vous trouverez les coordonn\u00e9es des dirigeants de la JBH.<\/p>\n<p>Pour toutes questions, remarques, id\u00e9es permettant \u00a0de faire \u00e9voluer ce site, veuillez utiliser le <strong>formulaire de contact<\/strong> ci-dessous. Le responsable de la tenue de ce site vous r\u00e9pondra dans les plus brefs d\u00e9lais.<\/p>\n","protected":false},"excerpt":{"rendered":"<p>Pour toutes questions qui touchent \u00e0 la vie du club, veuillez vous reporter \u00e0 la rubrique \u00ab\u00a0Comit\u00e9\u00a0\u00bb\u00a0o\u00f9 vous trouverez les coordonn\u00e9es des dirigeants de la JBH. Pour toutes questions, remarques, id\u00e9es permettant \u00a0de faire \u00e9voluer ce site, veuillez utiliser le formulaire de contact ci-dessous. Le responsable de la tenue de ce site vous r\u00e9pondra dans [&hellip;]<\/p>\n","protected":false},"author":70,"featured_media":0,"parent":0,"menu_order":0,"comment_status":"closed","ping_status":"closed","template":"page-templates\/page-contact.php","meta":{"footnotes":""},"class_list":["post-20","page","type-page","status-publish","hentry"],"_links":{"self":[{"href":"https:\/\/tst.basketclubs.be\/jeunessebaskethotton\/wp-json\/wp\/v2\/pages\/20","targetHints":{"allow":["GET"]}}],"collection":[{"href":"https:\/\/tst.basketclubs.be\/jeunessebaskethotton\/wp-json\/wp\/v2\/pages"}],"about":[{"href":"https:\/\/tst.basketclubs.be\/jeunessebaskethotton\/wp-json\/wp\/v2\/types\/page"}],"author":[{"embeddable":true,"href":"https:\/\/tst.basketclubs.be\/jeunessebaskethotton\/wp-json\/wp\/v2\/users\/70"}],"replies":[{"embeddable":true,"href":"https:\/\/tst.basketclubs.be\/jeunessebaskethotton\/wp-json\/wp\/v2\/comments?post=20"}],"version-history":[{"count":4,"href":"https:\/\/tst.basketclubs.be\/jeunessebaskethotton\/wp-json\/wp\/v2\/pages\/20\/revisions"}],"predecessor-version":[{"id":621,"href":"https:\/\/tst.basketclubs.be\/jeunessebaskethotton\/wp-json\/wp\/v2\/pages\/20\/revisions\/621"}],"wp:attachment":[{"href":"https:\/\/tst.basketclubs.be\/jeunessebaskethotton\/wp-json\/wp\/v2\/media?parent=20"}],"curies":[{"name":"wp","href":"https:\/\/api.w.org\/{rel}","templated":true}]}}