{"id":9,"date":"2015-04-06T14:23:18","date_gmt":"2015-04-06T12:23:18","guid":{"rendered":"https:\/\/tst.basketclubs.be\/espoirhamoir96\/?page_id=9"},"modified":"2015-10-18T21:58:36","modified_gmt":"2015-10-18T19:58:36","slug":"the-club-1","status":"publish","type":"page","link":"https:\/\/tst.basketclubs.be\/espoirhamoir96\/the-club-1\/","title":{"rendered":"Souvenirs"},"content":{"rendered":"<p style=\"text-align: center\"><a href=\"https:\/\/tst.basketclubs.be\/espoirhamoir96\/wp-content\/uploads\/sites\/20\/2015\/04\/FB_IMG_1429960501576.jpg\" data-rel=\"lightbox-image-0\" data-rl_title=\"\" data-rl_caption=\"\" title=\"\"><img loading=\"lazy\" decoding=\"async\" class=\"alignnone size-thumbnail wp-image-1509\" src=\"https:\/\/tst.basketclubs.be\/espoirhamoir96\/wp-content\/uploads\/sites\/20\/2015\/04\/FB_IMG_1429960501576-150x150.jpg\" alt=\"FB_IMG_1429960501576\" width=\"150\" height=\"150\" \/><\/a>\u00a0<a href=\"https:\/\/tst.basketclubs.be\/espoirhamoir96\/wp-content\/uploads\/sites\/20\/2015\/04\/1850004789_small_1.jpg\" data-rel=\"lightbox-image-1\" data-rl_title=\"\" data-rl_caption=\"\" title=\"\"><img loading=\"lazy\" decoding=\"async\" class=\"alignnone size-thumbnail wp-image-1517\" src=\"https:\/\/tst.basketclubs.be\/espoirhamoir96\/wp-content\/uploads\/sites\/20\/2015\/04\/1850004789_small_1-150x150.jpg\" alt=\"1850004789_small_1\" width=\"150\" height=\"150\" \/><\/a><\/p>\n<p style=\"text-align: center\"><em><strong>Beno\u00eet COUMANNE<\/strong><\/em><\/p>\n<p style=\"text-align: center\">Beno\u00eet f\u00fbt et restera un personnage marquant au sein du club.<\/p>\n<p style=\"text-align: center\">Il a \u00e9t\u00e9 v\u00e9rificateur des comptes, secr\u00e9taire, tr\u00e9sorier et pr\u00e9sident. On peut dire\u00a0de lui \u00a0qu&rsquo;il \u00e9tait enti\u00e8rement d\u00e9vou\u00e9 \u00e0 son club. Il a investi \u00e9norm\u00e9ment de son temps pour que le club vive et survive ( pour certains \u00e9v\u00e9nements qui auraient pu faire dispara\u00eetre\u00a0le club ). Il \u00e9tait r\u00e9guli\u00e8rement pr\u00e9sent aux tables de marquage ou en tant que d\u00e9l\u00e9gu\u00e9. Il s\u2019effor\u00e7ait de suivre un maximum d&rsquo;\u00e9quipes. Il supportait \u00e9galement les \u00e9quipes des plus grands dans les gradins. Il \u00e9tait m\u00e9ticuleux, et prenait le temps de bien faire les choses.<\/p>\n<p style=\"text-align: center\">Malheureusement la vie en \u00e0 d\u00e9cid\u00e9 autrement et Beno\u00eet nous a quitt\u00e9s le 21 d\u00e9cembre 2012.<\/p>\n<p style=\"text-align: center\">Par cet article, le club lui rend hommage pour l&rsquo;homme qu&rsquo;il \u00e9tait et tout ce qu&rsquo;il a apport\u00e9 au club Espoir Hamoir 96.<\/p>\n<p style=\"text-align: center\"><a href=\"http:\/\/www.lameuse.be\/629454\/article\/regions\/huy-waremme\/sports\/2012-12-23\/basket-hamoir-pleure-son-president-benoit-coumanne\" target=\"_blank\">Article \u00a0\u00bb La Meuse\u00a0\u00bb du 23 d\u00e9cembre 2012.<\/a><\/p>\n<p style=\"text-align: center\"><a href=\"https:\/\/tst.basketclubs.be\/espoirhamoir96\/wp-content\/uploads\/sites\/20\/2015\/08\/11222005_10205388919058037_3702668119524687309_n.jpg\" data-rel=\"lightbox-image-2\" data-rl_title=\"\" data-rl_caption=\"\" title=\"\"><img loading=\"lazy\" decoding=\"async\" class=\"aligncenter size-full wp-image-3408\" src=\"https:\/\/tst.basketclubs.be\/espoirhamoir96\/wp-content\/uploads\/sites\/20\/2015\/08\/11222005_10205388919058037_3702668119524687309_n.jpg\" alt=\"11222005_10205388919058037_3702668119524687309_n\" width=\"409\" height=\"320\" srcset=\"https:\/\/tst.basketclubs.be\/espoirhamoir96\/wp-content\/uploads\/sites\/20\/2015\/08\/11222005_10205388919058037_3702668119524687309_n.jpg 409w, https:\/\/tst.basketclubs.be\/espoirhamoir96\/wp-content\/uploads\/sites\/20\/2015\/08\/11222005_10205388919058037_3702668119524687309_n-300x235.jpg 300w\" sizes=\"auto, (max-width: 409px) 100vw, 409px\" \/><\/a><\/p>\n<p style=\"text-align: center\"><strong><em>Jean VINCENT<\/em><\/strong><\/p>\n<p style=\"text-align: left\">Bien connu dans le monde du basket en province de Li\u00e8ge, Jean VINCENT nous \u00e0 quitt\u00e9 ce mercredi 26 ao\u00fbt 2015. C&rsquo;est avec une peine immense que le club lui rend un dernier hommage en publiant cette photo afin de ne jamais l&rsquo;oublier. RIP<\/p>\n<p style=\"text-align: left\"><a href=\"http:\/\/www.sportbelge.be\/rip-jean-vincent-13686.html\" target=\"_blank\">Article de presse \u00a0\u00bb Sportbelge.be\u00a0\u00bb<\/a><\/p>\n","protected":false},"excerpt":{"rendered":"<p>\u00a0 Beno\u00eet COUMANNE Beno\u00eet f\u00fbt et restera un personnage marquant au sein du club. Il a \u00e9t\u00e9 v\u00e9rificateur des comptes, secr\u00e9taire, tr\u00e9sorier et pr\u00e9sident. On peut dire\u00a0de lui \u00a0qu&rsquo;il \u00e9tait enti\u00e8rement d\u00e9vou\u00e9 \u00e0 son club. Il a investi \u00e9norm\u00e9ment de son temps pour que le club vive et survive ( pour certains \u00e9v\u00e9nements qui auraient [&hellip;]<\/p>\n","protected":false},"author":21,"featured_media":0,"parent":0,"menu_order":0,"comment_status":"closed","ping_status":"closed","template":"page-templates\/page-free.php","meta":{"footnotes":""},"class_list":["post-9","page","type-page","status-publish","hentry"],"_links":{"self":[{"href":"https:\/\/tst.basketclubs.be\/espoirhamoir96\/wp-json\/wp\/v2\/pages\/9","targetHints":{"allow":["GET"]}}],"collection":[{"href":"https:\/\/tst.basketclubs.be\/espoirhamoir96\/wp-json\/wp\/v2\/pages"}],"about":[{"href":"https:\/\/tst.basketclubs.be\/espoirhamoir96\/wp-json\/wp\/v2\/types\/page"}],"author":[{"embeddable":true,"href":"https:\/\/tst.basketclubs.be\/espoirhamoir96\/wp-json\/wp\/v2\/users\/21"}],"replies":[{"embeddable":true,"href":"https:\/\/tst.basketclubs.be\/espoirhamoir96\/wp-json\/wp\/v2\/comments?post=9"}],"version-history":[{"count":21,"href":"https:\/\/tst.basketclubs.be\/espoirhamoir96\/wp-json\/wp\/v2\/pages\/9\/revisions"}],"predecessor-version":[{"id":8063,"href":"https:\/\/tst.basketclubs.be\/espoirhamoir96\/wp-json\/wp\/v2\/pages\/9\/revisions\/8063"}],"wp:attachment":[{"href":"https:\/\/tst.basketclubs.be\/espoirhamoir96\/wp-json\/wp\/v2\/media?parent=9"}],"curies":[{"name":"wp","href":"https:\/\/api.w.org\/{rel}","templated":true}]}}