{"id":8,"date":"2015-04-01T19:05:08","date_gmt":"2015-04-01T17:05:08","guid":{"rendered":"https:\/\/tst.basketclubs.be\/espoirhamoir96\/?page_id=8"},"modified":"2016-09-18T17:17:05","modified_gmt":"2016-09-18T15:17:05","slug":"sport-centers","status":"publish","type":"page","link":"https:\/\/tst.basketclubs.be\/espoirhamoir96\/sport-centers\/","title":{"rendered":"Salle"},"content":{"rendered":"<blockquote>\n<p style=\"text-align: center\"><img loading=\"lazy\" decoding=\"async\" class=\"aligncenter size-medium wp-image-8678\" src=\"https:\/\/tst.basketclubs.be\/espoirhamoir96\/wp-content\/uploads\/sites\/20\/2016\/03\/logo_hamoir-300x174.jpg\" alt=\"logo_hamoir\" width=\"300\" height=\"174\" srcset=\"https:\/\/tst.basketclubs.be\/espoirhamoir96\/wp-content\/uploads\/sites\/20\/2016\/03\/logo_hamoir-300x174.jpg 300w, https:\/\/tst.basketclubs.be\/espoirhamoir96\/wp-content\/uploads\/sites\/20\/2016\/03\/logo_hamoir.jpg 660w\" sizes=\"auto, (max-width: 300px) 100vw, 300px\" \/><strong><span style=\"color: #339966\">Tous les entra\u00eenements et matches \u00e0 domicile se d\u00e9roulent au hall omnisports situ\u00e9 rue du Moulin 10\/B 4180 Hamoir.<\/span><\/strong><\/p>\n<\/blockquote>\n","protected":false},"excerpt":{"rendered":"<p>Tous les entra\u00eenements et matches \u00e0 domicile se d\u00e9roulent au hall omnisports situ\u00e9 rue du Moulin 10\/B 4180 Hamoir.<\/p>\n","protected":false},"author":21,"featured_media":0,"parent":0,"menu_order":0,"comment_status":"closed","ping_status":"closed","template":"page-templates\/page-sport-centers.php","meta":{"footnotes":""},"class_list":["post-8","page","type-page","status-publish","hentry"],"_links":{"self":[{"href":"https:\/\/tst.basketclubs.be\/espoirhamoir96\/wp-json\/wp\/v2\/pages\/8","targetHints":{"allow":["GET"]}}],"collection":[{"href":"https:\/\/tst.basketclubs.be\/espoirhamoir96\/wp-json\/wp\/v2\/pages"}],"about":[{"href":"https:\/\/tst.basketclubs.be\/espoirhamoir96\/wp-json\/wp\/v2\/types\/page"}],"author":[{"embeddable":true,"href":"https:\/\/tst.basketclubs.be\/espoirhamoir96\/wp-json\/wp\/v2\/users\/21"}],"replies":[{"embeddable":true,"href":"https:\/\/tst.basketclubs.be\/espoirhamoir96\/wp-json\/wp\/v2\/comments?post=8"}],"version-history":[{"count":13,"href":"https:\/\/tst.basketclubs.be\/espoirhamoir96\/wp-json\/wp\/v2\/pages\/8\/revisions"}],"predecessor-version":[{"id":8794,"href":"https:\/\/tst.basketclubs.be\/espoirhamoir96\/wp-json\/wp\/v2\/pages\/8\/revisions\/8794"}],"wp:attachment":[{"href":"https:\/\/tst.basketclubs.be\/espoirhamoir96\/wp-json\/wp\/v2\/media?parent=8"}],"curies":[{"name":"wp","href":"https:\/\/api.w.org\/{rel}","templated":true}]}}