{"id":3,"date":"2015-04-01T17:44:50","date_gmt":"2015-04-01T15:44:50","guid":{"rendered":"https:\/\/tst.basketclubs.be\/espoirhamoir96\/?page_id=3"},"modified":"2015-04-06T16:07:25","modified_gmt":"2015-04-06T14:07:25","slug":"history","status":"publish","type":"page","link":"https:\/\/tst.basketclubs.be\/espoirhamoir96\/history\/","title":{"rendered":"Historique"},"content":{"rendered":"<address style=\"text-align: left\"><img loading=\"lazy\" decoding=\"async\" class=\"alignnone wp-image-1158\" src=\"https:\/\/tst.basketclubs.be\/espoirhamoir96\/wp-content\/uploads\/sites\/20\/2015\/04\/ballon-basket-cuir-295x300.png\" alt=\"ballon-basket-cuir\" width=\"106\" height=\"108\" \/>\u00a0\u00a0<img loading=\"lazy\" decoding=\"async\" class=\"alignnone wp-image-1159\" src=\"https:\/\/tst.basketclubs.be\/espoirhamoir96\/wp-content\/uploads\/sites\/20\/2015\/04\/jamesnaismith-300x171.jpg\" alt=\"jamesnaismith\" width=\"189\" height=\"108\" srcset=\"https:\/\/tst.basketclubs.be\/espoirhamoir96\/wp-content\/uploads\/sites\/20\/2015\/04\/jamesnaismith-300x171.jpg 300w, https:\/\/tst.basketclubs.be\/espoirhamoir96\/wp-content\/uploads\/sites\/20\/2015\/04\/jamesnaismith.jpg 350w\" sizes=\"auto, (max-width: 189px) 100vw, 189px\" \/>\u00a0<img loading=\"lazy\" decoding=\"async\" class=\"alignnone wp-image-1160\" src=\"https:\/\/tst.basketclubs.be\/espoirhamoir96\/wp-content\/uploads\/sites\/20\/2015\/04\/toute-une-histoire-le-havre-1345544541-300x229.jpg\" alt=\"toute-une-histoire-le-havre-1345544541\" width=\"140\" height=\"107\" \/>\u00a0<img loading=\"lazy\" decoding=\"async\" class=\"alignnone wp-image-1161\" src=\"https:\/\/tst.basketclubs.be\/espoirhamoir96\/wp-content\/uploads\/sites\/20\/2015\/04\/wp6b9edc42_06.png\" alt=\"wp6b9edc42_06\" width=\"129\" height=\"98\" \/><\/address>\n<address style=\"text-align: left\">Pour bien comprendre la naissance du club, il faut remonter quelques ann\u00e9es en arri\u00e8re.<\/address>\n<address style=\"text-align: left\">En <span style=\"text-decoration: underline\"><span style=\"color: #ff0000\"><strong>1987<\/strong><\/span><\/span>, je pense, sous l&rsquo;impulsion de Luc Gilles qui entra\u00eenait l&rsquo;\u00e9quipe du BC Hamoir, le club d\u00e9cida, sous la pr\u00e9sidence de Francis Legros, de lancer une \u00e9quipe de jeunes poussins (6-7 ans).<\/address>\n<address style=\"text-align: left\">\u00a0Par le pass\u00e9, il y avait d\u00e9j\u00e0 eu des \u00e9quipes de jeunes, mais des enfants ayant commenc\u00e9 tardivement et souvent en dessous du niveau des adversaires qui, eux, avaient plusieurs ann\u00e9es d&rsquo;exp\u00e9rience.<\/address>\n<address style=\"text-align: left\">\u00a0Cette fois, ce n&rsquo;\u00e9tait plus le cas\u2026<\/address>\n<address style=\"text-align: left\">Tout commen\u00e7a par l\u2019envoi d\u2019un \u00ab\u00a0toutes-bo\u00eetes\u00a0\u00bb par lequel les enfants furent invit\u00e9s \u00e0 s&rsquo;inscrire.<\/address>\n<address style=\"text-align: left\">\u00a0Apr\u00e8s les vacances de P\u00e2ques, les entra\u00eenements commenc\u00e8rent\u00a0! Une douzaine d&rsquo;enfants \u00e9taient pr\u00e9sents.<\/address>\n<address style=\"text-align: left\">Mais, malheureusement, \u00e0 la fin de la saison, l&rsquo;entra\u00eeneur quittait le club, laissant les jeunes (et les seniors) sans guide.<\/address>\n<address style=\"text-align: left\">\u00a0Un jour, Alain Paquay, joueur au club et p\u00e8re de Pierre qui jouait avec mon fils Roland, vient me demander de prendre la rel\u00e8ve.<\/address>\n<address style=\"text-align: left\">J&rsquo;ai accept\u00e9 imm\u00e9diatement, pour autant qu&rsquo;on ne les inscrive pas en championnat. Je ne voulais pas les lancer au casse-pipe.<\/address>\n<address style=\"text-align: left\">\u00a0Toutefois, le comit\u00e9 en d\u00e9cida autrement.<\/address>\n<address style=\"text-align: left\">Les entra\u00eenements commenc\u00e8rent \u00e0 la fin du mois d&rsquo;ao\u00fbt avec un stage d&rsquo;une semaine.<\/address>\n<address style=\"text-align: left\">Les poussins termin\u00e8rent 2<sup>\u00e8me<\/sup> ex-\u00e6quo.<\/address>\n<address style=\"text-align: left\">Pas mal pour une premi\u00e8re saison\u00a0!<\/address>\n<address style=\"text-align: left\">\u00a0La saison suivante, on perdait les 2 ain\u00e9s qui montaient en benjamins. Par contre, il y eut beaucoup d\u2019inscriptions.<\/address>\n<address style=\"text-align: left\">Les saisons qui suivirent voyaient chaque ann\u00e9e une nouvelle \u00e9quipe s&rsquo;inscrire en championnat.<\/address>\n<address style=\"text-align: left\">Il faut dire que je faisais beaucoup de recrutement.<\/address>\n<address style=\"text-align: left\">\u00a0A l&rsquo;\u00e9poque, on n&rsquo;avait pas encore invent\u00e9 la protection de la vie priv\u00e9e, et je demandais aux diff\u00e9rentes communes o\u00f9 il n&rsquo;y avait pas<\/address>\n<address style=\"text-align: left\">de club de basket de m&rsquo;envoyer un listing des enfants de 6 ans et plus.<\/address>\n<address style=\"text-align: left\">En juillet, je passais aussi porter les invitations au stage d&rsquo;initiation du mois d&rsquo;ao\u00fbt.<\/address>\n<address style=\"text-align: left\">\u00a0Beaucoup d&rsquo;enfants continuaient le basket et je dus faire appel \u00e0 des b\u00e9n\u00e9voles pour m&rsquo;aider \u00e0 entra\u00eener : Alain Paquay, Olivier Fran\u00e7ois, Robert Lange.<\/address>\n<address style=\"text-align: left\">Lors des matches du samedi, les parents se relayaient pour tenir la buvette, mais aussi la table de marque.<\/address>\n<address style=\"text-align: left\">\u00a0La saison se cl\u00f4turait le samedi de la Pentec\u00f4te, par un apr\u00e8s-midi de jeux pour les enfants, un match de parents et un barbecue g\u00e9ant.<\/address>\n<address style=\"text-align: left\">\u00a0A la fin de la saison <span style=\"text-decoration: underline;color: #ff0000\"><strong>1995<\/strong><\/span>, le pr\u00e9sident et sa femme, qui \u00e9tait tr\u00e9sori\u00e8re, annonc\u00e8rent que les finances \u00e9taient au plus bas car les \u00e9quipes de jeunes co\u00fbtaient tr\u00e8s cher et ne rapportaient rien\u00a0: il fallait que les parents y mettent de leur poche.<\/address>\n<address style=\"text-align: left\">\u00a0Ceci ne plut pas aux parents qui, lors d&rsquo;une r\u00e9union sp\u00e9ciale, demand\u00e8rent des explications, sachant l&rsquo;argent qui rentrait \u00e0 la buvette chaque semaine.<\/address>\n<address style=\"text-align: left\">Le pr\u00e9sident n&rsquo;avait aucun chiffre \u00e0 montrer et furieux dit : je cite \u00ab\u00a0<em>Vous n&rsquo;avez qu&rsquo;\u00e0 faire un club vous-m\u00eames<\/em>\u00ab\u00a0.<\/address>\n<address style=\"text-align: left\">Piqu\u00e9s au vif, les parents relev\u00e8rent le d\u00e9fi. Pour 95, c&rsquo;\u00e9tait trop tard, mais pour la saison suivante, on sera pr\u00eats.<\/address>\n<address style=\"text-align: left\">\u00a0<span style=\"text-decoration: underline;color: #ff0000\"><strong>95 &#8211; 96<\/strong><\/span>\u00a0: les caisses \u00e9taient s\u00e9par\u00e9es et, \u00e0 la fin de la saison, les jeunes \u00e9taient en positif.<\/address>\n<address style=\"text-align: left\">Livia Grignard s&rsquo;est charg\u00e9e d&rsquo;\u00e9tablir les statuts du club avec comme points particuliers : formation des jeunes, pas d&rsquo;\u00e9quipe seniors, pas de vente de joueurs (ils seront libres d&rsquo;aller o\u00f9 ils veulent).<\/address>\n<address style=\"text-align: left\">\u00a0Par la suite, \u00e0 la demande de Robert Lange, les statuts furent modifi\u00e9s pour permettre la formation d&rsquo;\u00e9quipes seniors car il trouvait que c&rsquo;\u00e9tait dommage de laisser partir tous ces jeunes que nous avions form\u00e9s. La d\u00e9cision fut prise par le comit\u00e9 \u00e0 l&rsquo;unanimit\u00e9, je pense. Mais l&rsquo;arrangement pris avec le BC lors de la rupture en 96 (c\u00e0d les jeunes sont ray\u00e9s des listes du BC et quand ils seront seniors ils pourront aller au BC gratuitement) est rest\u00e9 valable.<\/address>\n<address style=\"text-align: left\">\u00a0L&rsquo;arr\u00eat Bosmans obligea la f\u00e9d\u00e9ration de trancher\u00a0: plus de vente de joueurs, mais une indemnit\u00e9 de formation que la f\u00e9d\u00e9 se chargeait de faire payer aux clubs qui mutaient des joueurs.<\/address>\n<address style=\"text-align: left\">L&rsquo; Espoir remboursait le BC du montant qui leur avait \u00e9t\u00e9 ponctionn\u00e9.<\/address>\n<address style=\"text-align: left\">\u00a0Mais, il fallait un nom au nouveau club, alors on lan\u00e7a un concours entre les jeunes pour trouver le nom du futur club avec , comme r\u00e9compense, un ballon de basket pour celui dont on retiendra le nom. Les noms les plus fantaisistes furent propos\u00e9s, mais 2 noms retiendront l&rsquo;attention du futur comit\u00e9\u00a0: \u00ab\u00a0Espoir Hamoir\u00a0\u00bb et \u00ab\u00a0Hamoir 96\u00a0\u00bb.<\/address>\n<address style=\"text-align: left\">Comme on ne savait lequel choisir, on a associ\u00e9 les deux\u00a0: \u00ab\u00a0<span style=\"color: #339966\"><strong>Espoir Hamoir 96<\/strong><\/span>\u00a0\u00bb \u00e9tait n\u00e9.<\/address>\n<address style=\"text-align: left\">\u00a0Pour la formation du Comit\u00e9, tous les parents \u00e9taient invit\u00e9s \u00e0 en faire partie. Livia Grignard dit qu&rsquo;il fallait minimum 4 personnes : Pr\u00e9sident, vice-pr\u00e9sident, secr\u00e9taire et tr\u00e9sorier. Je fus d\u00e9sign\u00e9 comme pr\u00e9sident, pour ne pas dire qu&rsquo;on m&rsquo;imposa le titre, Richard Verdin p\u00e8re \u00e9tait d\u00e9sign\u00e9 comme tr\u00e9sorier puisqu&rsquo;il l&rsquo;avait fait merveilleusement bien durant la saison \u00e9coul\u00e9e, Livia \u00e9tait secr\u00e9taire et je ne me souviens plus qui \u00e9tait le premier vice-pr\u00e9sident, peut \u00eatre d\u00e9j\u00e0 Christian Bonfond.<\/address>\n<address style=\"text-align: left\">Les autres membres du comit\u00e9s \u00e9taient : ? Verschoor, Marie Madeleine Kersten Pire, Andr\u00e9 Cloes, Marc et Fran\u00e7oise Jadot, Marc Claesen, et bien d&rsquo;autres.<\/address>\n<address style=\"text-align: left\">\u00a0A l\u2019\u00e9poque, nous organisions d\u00e9j\u00e0 stages, souper de Saint-Nicolas (avec cadeau pour chaque joueur), souper de carnaval, marche Adeps \u00e0 P\u00e2ques, tournoi de belote organis\u00e9 par les fr\u00e8res de Fran\u00e7oise Jadot au d\u00e9but puis par Odette Bonfond par la suite, le challenge Ourthe-Ambl\u00e8ve pour les pupilles gar\u00e7ons, les tournois de jeunes \u00e0 4 \u00e9quipes au d\u00e9but puis en triangulaire par la suite pour terminer par le barbecue.<\/address>\n<address style=\"text-align: left\">\u00a0Lorsqu&rsquo;en <span style=\"text-decoration: underline;color: #ff0000\"><strong>2000 ou 2001<\/strong><\/span> on a int\u00e9gr\u00e9 la salle, je crois que le club comptait d\u00e9j\u00e0 12 \u00e9quipes de jeunes : poussins, poussines, \u00a0benjamins, benjamines, 2 pupilles gar\u00e7ons, pupilles filles, minimes gar\u00e7ons et filles, cadets, cadettes et juniors gar\u00e7ons. Plus seniors (hommes) , seniores (dames) et papys.<\/address>\n<p style=\"text-align: center\">Bernard Renaville,<\/p>\n<p style=\"text-align: center\">Ancien coach et ancien pr\u00e9sident du club d\u2019Hamoir<\/p>\n","protected":false},"excerpt":{"rendered":"<p>\u00a0\u00a0\u00a0\u00a0 Pour bien comprendre la naissance du club, il faut remonter quelques ann\u00e9es en arri\u00e8re. En 1987, je pense, sous l&rsquo;impulsion de Luc Gilles qui entra\u00eenait l&rsquo;\u00e9quipe du BC Hamoir, le club d\u00e9cida, sous la pr\u00e9sidence de Francis Legros, de lancer une \u00e9quipe de jeunes poussins (6-7 ans). \u00a0Par le pass\u00e9, il y avait d\u00e9j\u00e0 [&hellip;]<\/p>\n","protected":false},"author":21,"featured_media":0,"parent":0,"menu_order":0,"comment_status":"closed","ping_status":"closed","template":"page-templates\/page-history.php","meta":{"footnotes":""},"class_list":["post-3","page","type-page","status-publish","hentry"],"_links":{"self":[{"href":"https:\/\/tst.basketclubs.be\/espoirhamoir96\/wp-json\/wp\/v2\/pages\/3","targetHints":{"allow":["GET"]}}],"collection":[{"href":"https:\/\/tst.basketclubs.be\/espoirhamoir96\/wp-json\/wp\/v2\/pages"}],"about":[{"href":"https:\/\/tst.basketclubs.be\/espoirhamoir96\/wp-json\/wp\/v2\/types\/page"}],"author":[{"embeddable":true,"href":"https:\/\/tst.basketclubs.be\/espoirhamoir96\/wp-json\/wp\/v2\/users\/21"}],"replies":[{"embeddable":true,"href":"https:\/\/tst.basketclubs.be\/espoirhamoir96\/wp-json\/wp\/v2\/comments?post=3"}],"version-history":[{"count":8,"href":"https:\/\/tst.basketclubs.be\/espoirhamoir96\/wp-json\/wp\/v2\/pages\/3\/revisions"}],"predecessor-version":[{"id":1336,"href":"https:\/\/tst.basketclubs.be\/espoirhamoir96\/wp-json\/wp\/v2\/pages\/3\/revisions\/1336"}],"wp:attachment":[{"href":"https:\/\/tst.basketclubs.be\/espoirhamoir96\/wp-json\/wp\/v2\/media?parent=3"}],"curies":[{"name":"wp","href":"https:\/\/api.w.org\/{rel}","templated":true}]}}