{"id":14,"date":"2015-04-02T07:44:43","date_gmt":"2015-04-02T05:44:43","guid":{"rendered":"https:\/\/tst.basketclubs.be\/espoirhamoir96\/?page_id=14"},"modified":"2015-09-02T09:30:33","modified_gmt":"2015-09-02T07:30:33","slug":"documents","status":"publish","type":"page","link":"https:\/\/tst.basketclubs.be\/espoirhamoir96\/documents\/","title":{"rendered":"Documents \u00e0 t\u00e9l\u00e9charger"},"content":{"rendered":"<p><img loading=\"lazy\" decoding=\"async\" class=\"size-medium wp-image-891 aligncenter\" src=\"https:\/\/tst.basketclubs.be\/espoirhamoir96\/wp-content\/uploads\/sites\/20\/2015\/04\/telecharger-300x109.png\" alt=\"telecharger\" width=\"300\" height=\"109\" \/><\/p>\n<ul>\n<li><a href=\"http:\/\/www.cpliege.be\/formulaires\/certifmed.pdf\" target=\"_blank\">Certificat m\u00e9dical\u00a0<\/a><\/li>\n<li><a href=\"http:\/\/www.cpliege.be\/formulaires\/feuille12ans.pdf\" target=\"_blank\">Feuille de match pour U12 et U 10 ( 5 contre 5 )<\/a><\/li>\n<\/ul>\n","protected":false},"excerpt":{"rendered":"<p>Certificat m\u00e9dical\u00a0 Feuille de match pour U12 et U 10 ( 5 contre 5 )<\/p>\n","protected":false},"author":21,"featured_media":0,"parent":0,"menu_order":0,"comment_status":"closed","ping_status":"closed","template":"page-templates\/page-documents.php","meta":{"footnotes":""},"class_list":["post-14","page","type-page","status-publish","hentry"],"_links":{"self":[{"href":"https:\/\/tst.basketclubs.be\/espoirhamoir96\/wp-json\/wp\/v2\/pages\/14","targetHints":{"allow":["GET"]}}],"collection":[{"href":"https:\/\/tst.basketclubs.be\/espoirhamoir96\/wp-json\/wp\/v2\/pages"}],"about":[{"href":"https:\/\/tst.basketclubs.be\/espoirhamoir96\/wp-json\/wp\/v2\/types\/page"}],"author":[{"embeddable":true,"href":"https:\/\/tst.basketclubs.be\/espoirhamoir96\/wp-json\/wp\/v2\/users\/21"}],"replies":[{"embeddable":true,"href":"https:\/\/tst.basketclubs.be\/espoirhamoir96\/wp-json\/wp\/v2\/comments?post=14"}],"version-history":[{"count":10,"href":"https:\/\/tst.basketclubs.be\/espoirhamoir96\/wp-json\/wp\/v2\/pages\/14\/revisions"}],"predecessor-version":[{"id":4630,"href":"https:\/\/tst.basketclubs.be\/espoirhamoir96\/wp-json\/wp\/v2\/pages\/14\/revisions\/4630"}],"wp:attachment":[{"href":"https:\/\/tst.basketclubs.be\/espoirhamoir96\/wp-json\/wp\/v2\/media?parent=14"}],"curies":[{"name":"wp","href":"https:\/\/api.w.org\/{rel}","templated":true}]}}