{"id":10,"date":"2015-08-28T15:57:17","date_gmt":"2015-08-28T13:57:17","guid":{"rendered":"https:\/\/tst.basketclubs.be\/espoirhamoir96\/?page_id=10"},"modified":"2016-10-10T20:53:39","modified_gmt":"2016-10-10T18:53:39","slug":"the-club-2","status":"publish","type":"page","link":"https:\/\/tst.basketclubs.be\/espoirhamoir96\/the-club-2\/","title":{"rendered":"Droit \u00e0 l&rsquo;image"},"content":{"rendered":"<p><u><em><strong>Accord pour la diffusion de photos<\/strong><\/em>\u00a0<strong><em>ou vid\u00e9os<\/em><\/strong>: <\/u><\/p>\n<p>Afin d\u2019alimenter le nouveau site du club, nous aimerions prendre quelques photos ou vid\u00e9os de vos enfants qui pourraient pr\u00e9senter leur \u00e9quipe ou simplement montrer ce qu\u2019ils font lors des entra\u00eenements ou manifestations diverses.<\/p>\n<p>Pour cela, nous avons besoin de votre accord.<\/p>\n<p>En affiliant votre enfant dans notre club, vous marquez directement votre accord sur l&rsquo;\u00e9ventuelle diffusion de l&rsquo;image de votre enfant. Toutefois, il est possible de marquer son d\u00e9saccord pour la diffusion de l&rsquo;image de votre enfant.<\/p>\n<p><strong>Comment proc\u00e9der?<\/strong><\/p>\n<p>Il vous suffit d&rsquo;envoyer votre d\u00e9saccord \u00e0 l&rsquo;adresse mail suivante: \u00a0<a href=\"mailto:sympalolo@hotmail.be\">sympalolo@hotmail.be<\/a><\/p>\n<p>Le club fera ensuite le n\u00e9cessaire afin qu&rsquo;aucune photo de votre enfant soi diffus\u00e9e sur notre site internet ainsi que notre page facebook.<\/p>\n<p><span style=\"line-height: 1.5\">Merci de votre compr\u00e9hension.<\/span><\/p>\n<p>&nbsp;<\/p>\n<p>&nbsp;<\/p>\n<p>&nbsp;<\/p>\n<p>&nbsp;<\/p>\n<p>&nbsp;<\/p>\n<p>&nbsp;<\/p>\n<p>&nbsp;<\/p>\n","protected":false},"excerpt":{"rendered":"<p>Accord pour la diffusion de photos\u00a0ou vid\u00e9os: Afin d\u2019alimenter le nouveau site du club, nous aimerions prendre quelques photos ou vid\u00e9os de vos enfants qui pourraient pr\u00e9senter leur \u00e9quipe ou simplement montrer ce qu\u2019ils font lors des entra\u00eenements ou manifestations diverses. Pour cela, nous avons besoin de votre accord. En affiliant votre enfant dans notre [&hellip;]<\/p>\n","protected":false},"author":21,"featured_media":0,"parent":0,"menu_order":0,"comment_status":"closed","ping_status":"closed","template":"page-templates\/page-free.php","meta":{"footnotes":""},"class_list":["post-10","page","type-page","status-publish","hentry"],"_links":{"self":[{"href":"https:\/\/tst.basketclubs.be\/espoirhamoir96\/wp-json\/wp\/v2\/pages\/10","targetHints":{"allow":["GET"]}}],"collection":[{"href":"https:\/\/tst.basketclubs.be\/espoirhamoir96\/wp-json\/wp\/v2\/pages"}],"about":[{"href":"https:\/\/tst.basketclubs.be\/espoirhamoir96\/wp-json\/wp\/v2\/types\/page"}],"author":[{"embeddable":true,"href":"https:\/\/tst.basketclubs.be\/espoirhamoir96\/wp-json\/wp\/v2\/users\/21"}],"replies":[{"embeddable":true,"href":"https:\/\/tst.basketclubs.be\/espoirhamoir96\/wp-json\/wp\/v2\/comments?post=10"}],"version-history":[{"count":5,"href":"https:\/\/tst.basketclubs.be\/espoirhamoir96\/wp-json\/wp\/v2\/pages\/10\/revisions"}],"predecessor-version":[{"id":8820,"href":"https:\/\/tst.basketclubs.be\/espoirhamoir96\/wp-json\/wp\/v2\/pages\/10\/revisions\/8820"}],"wp:attachment":[{"href":"https:\/\/tst.basketclubs.be\/espoirhamoir96\/wp-json\/wp\/v2\/media?parent=10"}],"curies":[{"name":"wp","href":"https:\/\/api.w.org\/{rel}","templated":true}]}}