{"id":7,"date":"2015-03-27T13:23:45","date_gmt":"2015-03-27T11:23:45","guid":{"rendered":"https:\/\/tst.basketclubs.be\/bcmalonne\/?page_id=7"},"modified":"2019-08-28T14:28:09","modified_gmt":"2019-08-28T12:28:09","slug":"practices","status":"publish","type":"page","link":"https:\/\/tst.basketclubs.be\/bcmalonne\/practices\/","title":{"rendered":"Entra\u00eenements"},"content":{"rendered":"<p>Nos entra\u00eenements se d\u00e9roulent au centre sportif du Champ-Ha \u00e0 Malonne, au Hall sportif de Sart-Saint-Laurent ou au Hall sportif de St Berthuin.<\/p>\n","protected":false},"excerpt":{"rendered":"<p>Nos entra\u00eenements se d\u00e9roulent au centre sportif du Champ-Ha \u00e0 Malonne, au Hall sportif de Sart-Saint-Laurent ou au Hall sportif de St Berthuin.<\/p>\n","protected":false},"author":17,"featured_media":0,"parent":0,"menu_order":0,"comment_status":"closed","ping_status":"closed","template":"page-templates\/page-practices.php","meta":{"footnotes":""},"class_list":["post-7","page","type-page","status-publish","hentry"],"_links":{"self":[{"href":"https:\/\/tst.basketclubs.be\/bcmalonne\/wp-json\/wp\/v2\/pages\/7","targetHints":{"allow":["GET"]}}],"collection":[{"href":"https:\/\/tst.basketclubs.be\/bcmalonne\/wp-json\/wp\/v2\/pages"}],"about":[{"href":"https:\/\/tst.basketclubs.be\/bcmalonne\/wp-json\/wp\/v2\/types\/page"}],"author":[{"embeddable":true,"href":"https:\/\/tst.basketclubs.be\/bcmalonne\/wp-json\/wp\/v2\/users\/17"}],"replies":[{"embeddable":true,"href":"https:\/\/tst.basketclubs.be\/bcmalonne\/wp-json\/wp\/v2\/comments?post=7"}],"version-history":[{"count":14,"href":"https:\/\/tst.basketclubs.be\/bcmalonne\/wp-json\/wp\/v2\/pages\/7\/revisions"}],"predecessor-version":[{"id":516,"href":"https:\/\/tst.basketclubs.be\/bcmalonne\/wp-json\/wp\/v2\/pages\/7\/revisions\/516"}],"wp:attachment":[{"href":"https:\/\/tst.basketclubs.be\/bcmalonne\/wp-json\/wp\/v2\/media?parent=7"}],"curies":[{"name":"wp","href":"https:\/\/api.w.org\/{rel}","templated":true}]}}