{"id":6,"date":"2017-09-21T13:43:16","date_gmt":"2017-09-21T11:43:16","guid":{"rendered":"https:\/\/tst.basketclubs.be\/bcmalonne\/?page_id=6"},"modified":"2019-08-28T14:27:39","modified_gmt":"2019-08-28T12:27:39","slug":"coaches","status":"publish","type":"page","link":"https:\/\/tst.basketclubs.be\/bcmalonne\/coaches\/","title":{"rendered":"Nos entra\u00eeneurs et coachs"},"content":{"rendered":"<p>Notre \u00e9quipe motiv\u00e9e !<\/p>\n","protected":false},"excerpt":{"rendered":"<p>Notre \u00e9quipe motiv\u00e9e !<\/p>\n","protected":false},"author":17,"featured_media":0,"parent":0,"menu_order":0,"comment_status":"closed","ping_status":"closed","template":"","meta":{"footnotes":""},"class_list":["post-6","page","type-page","status-publish","hentry"],"_links":{"self":[{"href":"https:\/\/tst.basketclubs.be\/bcmalonne\/wp-json\/wp\/v2\/pages\/6","targetHints":{"allow":["GET"]}}],"collection":[{"href":"https:\/\/tst.basketclubs.be\/bcmalonne\/wp-json\/wp\/v2\/pages"}],"about":[{"href":"https:\/\/tst.basketclubs.be\/bcmalonne\/wp-json\/wp\/v2\/types\/page"}],"author":[{"embeddable":true,"href":"https:\/\/tst.basketclubs.be\/bcmalonne\/wp-json\/wp\/v2\/users\/17"}],"replies":[{"embeddable":true,"href":"https:\/\/tst.basketclubs.be\/bcmalonne\/wp-json\/wp\/v2\/comments?post=6"}],"version-history":[{"count":6,"href":"https:\/\/tst.basketclubs.be\/bcmalonne\/wp-json\/wp\/v2\/pages\/6\/revisions"}],"predecessor-version":[{"id":515,"href":"https:\/\/tst.basketclubs.be\/bcmalonne\/wp-json\/wp\/v2\/pages\/6\/revisions\/515"}],"wp:attachment":[{"href":"https:\/\/tst.basketclubs.be\/bcmalonne\/wp-json\/wp\/v2\/media?parent=6"}],"curies":[{"name":"wp","href":"https:\/\/api.w.org\/{rel}","templated":true}]}}