{"id":18,"date":"2015-08-17T15:47:44","date_gmt":"2015-08-17T13:47:44","guid":{"rendered":"https:\/\/tst.basketclubs.be\/bcmalonne\/?page_id=18"},"modified":"2019-08-28T15:40:53","modified_gmt":"2019-08-28T13:40:53","slug":"sponsors","status":"publish","type":"page","link":"https:\/\/tst.basketclubs.be\/bcmalonne\/sponsors\/","title":{"rendered":"Sponsors"},"content":{"rendered":"<p><strong>Cette nouvelle saison 2019\/2020 est \u00e0 peine sur le point de commencer que nous tenions d\u00e9j\u00e0 \u00e0 remercier nos sponsors, sans qui un club sportif familial comme le n\u00f4tre ne pourrait pas continuer \u00e0 exister.<\/strong><\/p>\n<p><strong>N&rsquo;h\u00e9sitez pas \u00e0 consulter leur site internet, leur page Facebook ou \u00e0 venir leur rendre visite pour plus d&rsquo;informations.<\/strong><\/p>\n<p><strong>Comit\u00e9 BC Malonne<\/strong><\/p>\n<div class=\"TbwUpd\"><em>Boucherie DECOSTER \u00e0 Malonne<\/em> : <a href=\"https:\/\/fr-fr.facebook.com\/maisondecoster\">https:\/\/fr-fr.facebook.com\/maisondecoster<\/a><\/div>\n<div>\n<div class=\"TbwUpd\"><cite class=\"iUh30\"><em>VEOSE Coiffeurs Cr\u00e9ateurs \u00e0 Floreffe<\/em> : <a href=\"http:\/\/www.veose.be\">http:\/\/www.veose.be<\/a>\u00a0ou <a href=\"https:\/\/fr-fr.facebook.com\/veose.be\">https:\/\/fr-fr.facebook.com\/veose.be<\/a><\/cite><\/div>\n<div><em>Brasserie du Clocher \u00e0 Malonne<\/em> :<a href=\"http:\/\/brasserieduclocher.be\/philomene\">\u00a0http:\/\/brasserieduclocher.be\/philomene<\/a><\/div>\n<\/div>\n<p>ProCr\u00e9dit, le cr\u00e9dit en toute confiance :\u00a0<a href=\"http:\/\/www.pro-credit-saint-servais.be\">www.pro-credit-saint-servais.be\u00a0\u00a0<\/a><\/p>\n<p>&nbsp;<\/p>\n<p>&nbsp;<\/p>\n","protected":false},"excerpt":{"rendered":"<p>Cette nouvelle saison 2019\/2020 est \u00e0 peine sur le point de commencer que nous tenions d\u00e9j\u00e0 \u00e0 remercier nos sponsors, sans qui un club sportif familial comme le n\u00f4tre ne pourrait pas continuer \u00e0 exister. N&rsquo;h\u00e9sitez pas \u00e0 consulter leur site internet, leur page Facebook ou \u00e0 venir leur rendre visite pour plus d&rsquo;informations. Comit\u00e9 [&hellip;]<\/p>\n","protected":false},"author":17,"featured_media":0,"parent":0,"menu_order":0,"comment_status":"closed","ping_status":"closed","template":"page-templates\/page-sponsors.php","meta":{"footnotes":""},"class_list":["post-18","page","type-page","status-publish","hentry"],"_links":{"self":[{"href":"https:\/\/tst.basketclubs.be\/bcmalonne\/wp-json\/wp\/v2\/pages\/18","targetHints":{"allow":["GET"]}}],"collection":[{"href":"https:\/\/tst.basketclubs.be\/bcmalonne\/wp-json\/wp\/v2\/pages"}],"about":[{"href":"https:\/\/tst.basketclubs.be\/bcmalonne\/wp-json\/wp\/v2\/types\/page"}],"author":[{"embeddable":true,"href":"https:\/\/tst.basketclubs.be\/bcmalonne\/wp-json\/wp\/v2\/users\/17"}],"replies":[{"embeddable":true,"href":"https:\/\/tst.basketclubs.be\/bcmalonne\/wp-json\/wp\/v2\/comments?post=18"}],"version-history":[{"count":16,"href":"https:\/\/tst.basketclubs.be\/bcmalonne\/wp-json\/wp\/v2\/pages\/18\/revisions"}],"predecessor-version":[{"id":517,"href":"https:\/\/tst.basketclubs.be\/bcmalonne\/wp-json\/wp\/v2\/pages\/18\/revisions\/517"}],"wp:attachment":[{"href":"https:\/\/tst.basketclubs.be\/bcmalonne\/wp-json\/wp\/v2\/media?parent=18"}],"curies":[{"name":"wp","href":"https:\/\/api.w.org\/{rel}","templated":true}]}}