{"id":12,"date":"2015-03-27T13:30:31","date_gmt":"2015-03-27T11:30:31","guid":{"rendered":"https:\/\/tst.basketclubs.be\/bcmalonne\/?page_id=12"},"modified":"2019-05-21T08:55:05","modified_gmt":"2019-05-21T06:55:05","slug":"join","status":"publish","type":"page","link":"https:\/\/tst.basketclubs.be\/bcmalonne\/join\/","title":{"rendered":"Affiliation\/renseignements"},"content":{"rendered":"<h4>Vous souhaitez rejoindre notre club ?<\/h4>\n<p>Prenez contact avec notre secr\u00e9taire (coline_d@hotmail.com) ou notre pr\u00e9sident (duss26@yahoo.fr) qui se feront un plaisir de vous renseigner sur les modalit\u00e9s d&rsquo;affiliation.<\/p>\n","protected":false},"excerpt":{"rendered":"<p>Vous souhaitez rejoindre notre club ? Prenez contact avec notre secr\u00e9taire (coline_d@hotmail.com) ou notre pr\u00e9sident (duss26@yahoo.fr) qui se feront un plaisir de vous renseigner sur les modalit\u00e9s d&rsquo;affiliation.<\/p>\n","protected":false},"author":17,"featured_media":0,"parent":0,"menu_order":0,"comment_status":"closed","ping_status":"closed","template":"page-templates\/page-join.php","meta":{"footnotes":""},"class_list":["post-12","page","type-page","status-publish","hentry"],"_links":{"self":[{"href":"https:\/\/tst.basketclubs.be\/bcmalonne\/wp-json\/wp\/v2\/pages\/12","targetHints":{"allow":["GET"]}}],"collection":[{"href":"https:\/\/tst.basketclubs.be\/bcmalonne\/wp-json\/wp\/v2\/pages"}],"about":[{"href":"https:\/\/tst.basketclubs.be\/bcmalonne\/wp-json\/wp\/v2\/types\/page"}],"author":[{"embeddable":true,"href":"https:\/\/tst.basketclubs.be\/bcmalonne\/wp-json\/wp\/v2\/users\/17"}],"replies":[{"embeddable":true,"href":"https:\/\/tst.basketclubs.be\/bcmalonne\/wp-json\/wp\/v2\/comments?post=12"}],"version-history":[{"count":4,"href":"https:\/\/tst.basketclubs.be\/bcmalonne\/wp-json\/wp\/v2\/pages\/12\/revisions"}],"predecessor-version":[{"id":500,"href":"https:\/\/tst.basketclubs.be\/bcmalonne\/wp-json\/wp\/v2\/pages\/12\/revisions\/500"}],"wp:attachment":[{"href":"https:\/\/tst.basketclubs.be\/bcmalonne\/wp-json\/wp\/v2\/media?parent=12"}],"curies":[{"name":"wp","href":"https:\/\/api.w.org\/{rel}","templated":true}]}}