{"id":45,"date":"2018-09-06T14:16:59","date_gmt":"2018-09-06T12:16:59","guid":{"rendered":"https:\/\/tst.basketclubs.be\/bcchalet\/?page_id=45"},"modified":"2019-08-01T10:15:41","modified_gmt":"2019-08-01T08:15:41","slug":"contact","status":"publish","type":"page","link":"https:\/\/tst.basketclubs.be\/bcchalet\/contact\/","title":{"rendered":"Contact"},"content":{"rendered":"<p>Bonjour a tous,<\/p>\n<p>Voici toutes les personnes de contact du club du B.C CHALET WSP<\/p>\n<p>Pr\u00e9sident: J\u00e9r\u00e9mie Van Onacker 0498 26 35 36<\/p>\n<p>Secr\u00e9taire: Doms Micheline 0473 27 49 82<\/p>\n<p>Vice Pr\u00e9sident: Roosenboom Michael 0479 60 54 37<\/p>\n<p>Tr\u00e9sorier: Donovan Mention\u00a0 0496 97 71 37<\/p>\n<p>&nbsp;<\/p>\n<p>&nbsp;<\/p>\n","protected":false},"excerpt":{"rendered":"<p>Bonjour a tous, Voici toutes les personnes de contact du club du B.C CHALET WSP Pr\u00e9sident: J\u00e9r\u00e9mie Van Onacker 0498 26 35 36 Secr\u00e9taire: Doms Micheline 0473 27 49 82 Vice Pr\u00e9sident: Roosenboom Michael 0479 60 54 37 Tr\u00e9sorier: Donovan Mention\u00a0 0496 97 71 37 &nbsp; &nbsp;<\/p>\n","protected":false},"author":184,"featured_media":0,"parent":0,"menu_order":0,"comment_status":"closed","ping_status":"closed","template":"page-templates\/page-contact.php","meta":{"footnotes":""},"class_list":["post-45","page","type-page","status-publish","hentry"],"_links":{"self":[{"href":"https:\/\/tst.basketclubs.be\/bcchalet\/wp-json\/wp\/v2\/pages\/45","targetHints":{"allow":["GET"]}}],"collection":[{"href":"https:\/\/tst.basketclubs.be\/bcchalet\/wp-json\/wp\/v2\/pages"}],"about":[{"href":"https:\/\/tst.basketclubs.be\/bcchalet\/wp-json\/wp\/v2\/types\/page"}],"author":[{"embeddable":true,"href":"https:\/\/tst.basketclubs.be\/bcchalet\/wp-json\/wp\/v2\/users\/184"}],"replies":[{"embeddable":true,"href":"https:\/\/tst.basketclubs.be\/bcchalet\/wp-json\/wp\/v2\/comments?post=45"}],"version-history":[{"count":3,"href":"https:\/\/tst.basketclubs.be\/bcchalet\/wp-json\/wp\/v2\/pages\/45\/revisions"}],"predecessor-version":[{"id":318,"href":"https:\/\/tst.basketclubs.be\/bcchalet\/wp-json\/wp\/v2\/pages\/45\/revisions\/318"}],"wp:attachment":[{"href":"https:\/\/tst.basketclubs.be\/bcchalet\/wp-json\/wp\/v2\/media?parent=45"}],"curies":[{"name":"wp","href":"https:\/\/api.w.org\/{rel}","templated":true}]}}