{"id":39,"date":"2018-08-22T11:40:52","date_gmt":"2018-08-22T09:40:52","guid":{"rendered":"https:\/\/tst.basketclubs.be\/bcchalet\/?page_id=39"},"modified":"2018-08-22T12:40:03","modified_gmt":"2018-08-22T10:40:03","slug":"infos-1","status":"publish","type":"page","link":"https:\/\/tst.basketclubs.be\/bcchalet\/infos-1\/","title":{"rendered":"Protection a la vie priv\u00e9e"},"content":{"rendered":"<div>\n<p class=\"yiv6563851259x_MsoNormal\"><strong>CONFIDENTIALIT\u00c9 DES DONN\u00c9ES<\/strong><\/p>\n<p>Le 25 mai 2018, le R\u00e8glement G\u00e9n\u00e9ral sur la Protection des Donn\u00e9es personnelles (RGPD)\u00a0 est entr\u00e9 en application dans toute l\u2019Europe. Son objectif est de prot\u00e9ger vos donn\u00e9es personnelles, c\u2019est-\u00e0-dire toutes les informations qui permettent de vous identifier.<\/p>\n<p class=\"yiv6563851259x_MsoNormal\">Comme vous en avez marqu\u00e9 l\u2019accord ant\u00e9rieurement lors de votre inscription, vous \u00eates repris dans notre fichier priv\u00e9 d\u2019adh\u00e9rents, qui contient les donn\u00e9es (adresse, date de naissance, nationalit\u00e9, t\u00e9l\u00e9phone, mail) que vous nous avez communiqu\u00e9es via le formulaire d\u2019inscription. Cette base de donn\u00e9es sert \u00e0 valider votre inscription \u00e0 l\u2019Association Wallonie-Bruxelles de Basketball (AWBB) \u2013 ce qui est\u00a0obligatoire pour l\u2019obtention de la licence sans laquelle vous ne pouvez participer aux entra\u00eenements du club\u00a0ni\u00a0jouer en comp\u00e9tition \u2013 et reste confidentielle.<\/p>\n<p class=\"yiv6563851259x_MsoNormal\">Nos donn\u00e9es ne sont jamais c\u00e9d\u00e9es, \u00e9chang\u00e9es ou revendues. \u00c0 aucune fin.<\/p>\n<p class=\"yiv6563851259x_MsoNormal\">En ce qui concerne notre liste d\u2019adresses e-mail, elle\u00a0sert exclusivement \u00e0 vous transmettre les informations utiles \u00e0 la vie du BC CHALET WSP (\u00e9v\u00e9nements, calendrier, comp\u00e9titions\u2026).<\/p>\n<p class=\"yiv6563851259x_MsoNormal\"><strong>Par d\u00e9faut, nous consid\u00e9rons que vous nous autorisez \u00e0 utiliser votre adresse e-mail dans le cadre d\u00e9crit ci-dessus avec toutes les garanties de confidentialit\u00e9 qui s\u2019imposent.<\/strong><\/p>\n<p class=\"yiv6563851259x_MsoNormal\"><strong>Toutefois, vous pouvez nous envoyer un mail pour nous demander de ne plus figurer dans ce fichier. Nous vous en retirerons imm\u00e9diatement.<\/strong><\/p>\n<p>Nous vous rappelons \u00e9galement que vous pouvez vous d\u00e9sabonner \u00e0 tout moment de notre mailing-list sur simple demande par mail.<\/p>\n<p class=\"yiv6563851259x_MsoNormal\">N\u2019h\u00e9sitez pas \u00e0 nous faire part de vos remarques et suggestions, d\u2019autant que tout comme vous, nous d\u00e9couvrons le RGPD, et tentons de mettre tout en \u0153uvre afin d\u2019agir en toute transparence. N\u2019oublions pas que nous sommes une \u00e9quipe de b\u00e9n\u00e9voles,\u00a0que la gestion du BC CHALET WSP se fait sur notre temps libre et que nous faisons pour le mieux.<\/p>\n<\/div>\n<p>&nbsp;<\/p>\n<p><strong>DROIT \u00c0 L\u2019IMAGE<\/strong><\/p>\n<p>Au cours des activit\u00e9s normales du club, des photos des membres et joueurs (photos de matches, d\u2019entra\u00eenements, de f\u00eates de club\u2026) peuvent \u00eatre prises en vue d\u2019illustrer celles-ci.<\/p>\n<p><strong>Par d\u00e9faut, nous consid\u00e9rons que vous marquez votre accord pour que ces photos soient diffus\u00e9es ou publi\u00e9es sur notre site internet et nos pages Facebook, ou pour tout autre usage interne au club.<\/strong><\/p>\n<p>Par ailleurs, nous ne publierons pas, ou effacerons imm\u00e9diatement toute photo pouvant porter atteinte \u00e0 l\u2019image de qui que ce soit.<\/p>\n<p>En tant que membre ou repr\u00e9sentant l\u00e9gal d\u2019un membre \u2013 parent ou tuteur l\u00e9gal d\u2019un mineur \u2013 il vous est toutefois loisible de nous signifier votre refus de publication, par simple mail adress\u00e9 au Comit\u00e9.<br \/>\nDans ce cas, plus aucune photo de ce membre ne sera diffus\u00e9e.<\/p>\n","protected":false},"excerpt":{"rendered":"<p>CONFIDENTIALIT\u00c9 DES DONN\u00c9ES Le 25 mai 2018, le R\u00e8glement G\u00e9n\u00e9ral sur la Protection des Donn\u00e9es personnelles (RGPD)\u00a0 est entr\u00e9 en application dans toute l\u2019Europe. Son objectif est de prot\u00e9ger vos donn\u00e9es personnelles, c\u2019est-\u00e0-dire toutes les informations qui permettent de vous identifier. Comme vous en avez marqu\u00e9 l\u2019accord ant\u00e9rieurement lors de votre inscription, vous \u00eates repris [&hellip;]<\/p>\n","protected":false},"author":184,"featured_media":0,"parent":0,"menu_order":0,"comment_status":"closed","ping_status":"closed","template":"page-templates\/page-free.php","meta":{"footnotes":""},"class_list":["post-39","page","type-page","status-publish","hentry"],"_links":{"self":[{"href":"https:\/\/tst.basketclubs.be\/bcchalet\/wp-json\/wp\/v2\/pages\/39","targetHints":{"allow":["GET"]}}],"collection":[{"href":"https:\/\/tst.basketclubs.be\/bcchalet\/wp-json\/wp\/v2\/pages"}],"about":[{"href":"https:\/\/tst.basketclubs.be\/bcchalet\/wp-json\/wp\/v2\/types\/page"}],"author":[{"embeddable":true,"href":"https:\/\/tst.basketclubs.be\/bcchalet\/wp-json\/wp\/v2\/users\/184"}],"replies":[{"embeddable":true,"href":"https:\/\/tst.basketclubs.be\/bcchalet\/wp-json\/wp\/v2\/comments?post=39"}],"version-history":[{"count":3,"href":"https:\/\/tst.basketclubs.be\/bcchalet\/wp-json\/wp\/v2\/pages\/39\/revisions"}],"predecessor-version":[{"id":175,"href":"https:\/\/tst.basketclubs.be\/bcchalet\/wp-json\/wp\/v2\/pages\/39\/revisions\/175"}],"wp:attachment":[{"href":"https:\/\/tst.basketclubs.be\/bcchalet\/wp-json\/wp\/v2\/media?parent=39"}],"curies":[{"name":"wp","href":"https:\/\/api.w.org\/{rel}","templated":true}]}}